{"id":336,"date":"2024-01-16T18:04:08","date_gmt":"2024-01-16T18:04:08","guid":{"rendered":"https:\/\/eltra.com.br\/site\/?page_id=336"},"modified":"2024-03-23T05:53:44","modified_gmt":"2024-03-23T05:53:44","slug":"acendedor-eletrico-de-churrasqueira","status":"publish","type":"page","link":"https:\/\/eltra.com.br\/site\/acendedor-eletrico-de-churrasqueira\/","title":{"rendered":"Acendedor el\u00e9trico de churrasqueira"},"content":{"rendered":"\t\t<div data-elementor-type=\"wp-page\" data-elementor-id=\"336\" class=\"elementor elementor-336\">\n\t\t\t\t\t\t<section class=\"elementor-section elementor-top-section elementor-element elementor-element-66b2e6b6 elementor-reverse-tablet elementor-reverse-mobile elementor-section-boxed elementor-section-height-default elementor-section-height-default\" data-id=\"66b2e6b6\" data-element_type=\"section\">\n\t\t\t\t\t\t<div class=\"elementor-container elementor-column-gap-default\">\n\t\t\t\t\t<div class=\"elementor-column elementor-col-100 elementor-top-column elementor-element elementor-element-66565945\" data-id=\"66565945\" data-element_type=\"column\">\n\t\t\t<div class=\"elementor-widget-wrap elementor-element-populated\">\n\t\t\t\t\t\t<section class=\"elementor-section elementor-inner-section elementor-element elementor-element-1b5ea355 elementor-section-boxed elementor-section-height-default elementor-section-height-default\" data-id=\"1b5ea355\" data-element_type=\"section\">\n\t\t\t\t\t\t<div class=\"elementor-container elementor-column-gap-default\">\n\t\t\t\t\t<div class=\"elementor-column elementor-col-100 elementor-inner-column elementor-element elementor-element-1ff546ae\" data-id=\"1ff546ae\" data-element_type=\"column\">\n\t\t\t<div class=\"elementor-widget-wrap elementor-element-populated\">\n\t\t\t\t\t\t<div class=\"elementor-element elementor-element-1bd51e34 elementor-widget elementor-widget-heading\" data-id=\"1bd51e34\" data-element_type=\"widget\" data-widget_type=\"heading.default\">\n\t\t\t\t<div class=\"elementor-widget-container\">\n\t\t\t\t\t<h1 class=\"elementor-heading-title elementor-size-large\">Acendedor el\u00e9trico de churrasqueira<\/h1>\t\t\t\t<\/div>\n\t\t\t\t<\/div>\n\t\t\t\t\t<\/div>\n\t\t<\/div>\n\t\t\t\t\t<\/div>\n\t\t<\/section>\n\t\t\t\t<section class=\"elementor-section elementor-inner-section elementor-element elementor-element-9de03c1 elementor-section-boxed elementor-section-height-default elementor-section-height-default\" data-id=\"9de03c1\" data-element_type=\"section\">\n\t\t\t\t\t\t<div class=\"elementor-container elementor-column-gap-default\">\n\t\t\t\t\t<div class=\"elementor-column elementor-col-50 elementor-inner-column elementor-element elementor-element-28c69fdd\" data-id=\"28c69fdd\" data-element_type=\"column\">\n\t\t\t<div class=\"elementor-widget-wrap elementor-element-populated\">\n\t\t\t\t\t\t<div class=\"elementor-element elementor-element-4ea09afe e-transform elementor-hidden-mobile elementor-widget elementor-widget-image-gallery\" data-id=\"4ea09afe\" data-element_type=\"widget\" data-settings=\"{&quot;_transform_scale_effect&quot;:{&quot;unit&quot;:&quot;px&quot;,&quot;size&quot;:&quot;&quot;,&quot;sizes&quot;:[]},&quot;_transform_scale_effect_tablet&quot;:{&quot;unit&quot;:&quot;px&quot;,&quot;size&quot;:&quot;&quot;,&quot;sizes&quot;:[]},&quot;_transform_scale_effect_mobile&quot;:{&quot;unit&quot;:&quot;px&quot;,&quot;size&quot;:&quot;&quot;,&quot;sizes&quot;:[]}}\" data-widget_type=\"image-gallery.default\">\n\t\t\t\t<div class=\"elementor-widget-container\">\n\t\t\t\t\t\t\t<div class=\"elementor-image-gallery\">\n\t\t\t<div id='gallery-1' class='gallery galleryid-336 gallery-columns-1 gallery-size-medium'><figure class='gallery-item'>\n\t\t\t<div class='gallery-icon landscape'>\n\t\t\t\t<a data-elementor-open-lightbox=\"yes\" data-elementor-lightbox-slideshow=\"4ea09afe\" data-elementor-lightbox-title=\"resistencia_eletrica_churrasqueira e lareira\" data-e-action-hash=\"#elementor-action%3Aaction%3Dlightbox%26settings%3DeyJpZCI6MzM3LCJ1cmwiOiJodHRwczpcL1wvZWx0cmEuY29tLmJyXC9zaXRlXC93cC1jb250ZW50XC91cGxvYWRzXC8yMDI0XC8wMVwvcmVzaXN0ZW5jaWFfZWxldHJpY2FfY2h1cnJhc3F1ZWlyYS1lLWxhcmVpcmEuanBnIiwic2xpZGVzaG93IjoiNGVhMDlhZmUifQ%3D%3D\" href='https:\/\/eltra.com.br\/site\/wp-content\/uploads\/2024\/01\/resistencia_eletrica_churrasqueira-e-lareira.jpg'><img fetchpriority=\"high\" decoding=\"async\" width=\"300\" height=\"300\" src=\"https:\/\/eltra.com.br\/site\/wp-content\/uploads\/2024\/01\/resistencia_eletrica_churrasqueira-e-lareira-300x300.jpg\" class=\"attachment-medium size-medium\" alt=\"\" aria-describedby=\"gallery-1-337\" srcset=\"https:\/\/eltra.com.br\/site\/wp-content\/uploads\/2024\/01\/resistencia_eletrica_churrasqueira-e-lareira-300x300.jpg 300w, https:\/\/eltra.com.br\/site\/wp-content\/uploads\/2024\/01\/resistencia_eletrica_churrasqueira-e-lareira-150x150.jpg 150w, https:\/\/eltra.com.br\/site\/wp-content\/uploads\/2024\/01\/resistencia_eletrica_churrasqueira-e-lareira.jpg 768w\" sizes=\"(max-width: 300px) 100vw, 300px\" \/><\/a>\n\t\t\t<\/div>\n\t\t\t\t<figcaption class='wp-caption-text gallery-caption' id='gallery-1-337'>\n\t\t\t\tAcendedor de churrasqueira e lareira\n\t\t\t\t<\/figcaption><\/figure>\n\t\t<\/div>\n\t\t<\/div>\n\t\t\t\t\t\t<\/div>\n\t\t\t\t<\/div>\n\t\t\t\t<div class=\"elementor-element elementor-element-5f2bc777 gallery-spacing-custom elementor-widget elementor-widget-image-gallery\" data-id=\"5f2bc777\" data-element_type=\"widget\" data-widget_type=\"image-gallery.default\">\n\t\t\t\t<div class=\"elementor-widget-container\">\n\t\t\t\t\t\t\t<div class=\"elementor-image-gallery\">\n\t\t\t<div id='gallery-2' class='gallery galleryid-336 gallery-columns-4 gallery-size-thumbnail'><figure class='gallery-item'>\n\t\t\t<div class='gallery-icon landscape'>\n\t\t\t\t<a data-elementor-open-lightbox=\"yes\" data-elementor-lightbox-slideshow=\"5f2bc777\" data-elementor-lightbox-title=\"resistencia_eletrica_churrasqueira e lareira\" data-e-action-hash=\"#elementor-action%3Aaction%3Dlightbox%26settings%3DeyJpZCI6MzM3LCJ1cmwiOiJodHRwczpcL1wvZWx0cmEuY29tLmJyXC9zaXRlXC93cC1jb250ZW50XC91cGxvYWRzXC8yMDI0XC8wMVwvcmVzaXN0ZW5jaWFfZWxldHJpY2FfY2h1cnJhc3F1ZWlyYS1lLWxhcmVpcmEuanBnIiwic2xpZGVzaG93IjoiNWYyYmM3NzcifQ%3D%3D\" href='https:\/\/eltra.com.br\/site\/wp-content\/uploads\/2024\/01\/resistencia_eletrica_churrasqueira-e-lareira.jpg'><img decoding=\"async\" width=\"150\" height=\"150\" src=\"https:\/\/eltra.com.br\/site\/wp-content\/uploads\/2024\/01\/resistencia_eletrica_churrasqueira-e-lareira-150x150.jpg\" class=\"attachment-thumbnail size-thumbnail\" alt=\"\" aria-describedby=\"gallery-2-337\" srcset=\"https:\/\/eltra.com.br\/site\/wp-content\/uploads\/2024\/01\/resistencia_eletrica_churrasqueira-e-lareira-150x150.jpg 150w, https:\/\/eltra.com.br\/site\/wp-content\/uploads\/2024\/01\/resistencia_eletrica_churrasqueira-e-lareira-300x300.jpg 300w, https:\/\/eltra.com.br\/site\/wp-content\/uploads\/2024\/01\/resistencia_eletrica_churrasqueira-e-lareira.jpg 768w\" sizes=\"(max-width: 150px) 100vw, 150px\" \/><\/a>\n\t\t\t<\/div>\n\t\t\t\t<figcaption class='wp-caption-text gallery-caption' id='gallery-2-337'>\n\t\t\t\tAcendedor de churrasqueira e lareira\n\t\t\t\t<\/figcaption><\/figure><figure class='gallery-item'>\n\t\t\t<div class='gallery-icon landscape'>\n\t\t\t\t<a data-elementor-open-lightbox=\"yes\" data-elementor-lightbox-slideshow=\"5f2bc777\" data-elementor-lightbox-title=\"resistencia_eletrica_churrasqueira e lareira1\" data-e-action-hash=\"#elementor-action%3Aaction%3Dlightbox%26settings%3DeyJpZCI6MzM4LCJ1cmwiOiJodHRwczpcL1wvZWx0cmEuY29tLmJyXC9zaXRlXC93cC1jb250ZW50XC91cGxvYWRzXC8yMDI0XC8wMVwvcmVzaXN0ZW5jaWFfZWxldHJpY2FfY2h1cnJhc3F1ZWlyYS1lLWxhcmVpcmExLmpwZyIsInNsaWRlc2hvdyI6IjVmMmJjNzc3In0%3D\" href='https:\/\/eltra.com.br\/site\/wp-content\/uploads\/2024\/01\/resistencia_eletrica_churrasqueira-e-lareira1.jpg'><img decoding=\"async\" width=\"150\" height=\"150\" src=\"https:\/\/eltra.com.br\/site\/wp-content\/uploads\/2024\/01\/resistencia_eletrica_churrasqueira-e-lareira1-150x150.jpg\" class=\"attachment-thumbnail size-thumbnail\" alt=\"\" aria-describedby=\"gallery-2-338\" srcset=\"https:\/\/eltra.com.br\/site\/wp-content\/uploads\/2024\/01\/resistencia_eletrica_churrasqueira-e-lareira1-150x150.jpg 150w, https:\/\/eltra.com.br\/site\/wp-content\/uploads\/2024\/01\/resistencia_eletrica_churrasqueira-e-lareira1-300x300.jpg 300w, https:\/\/eltra.com.br\/site\/wp-content\/uploads\/2024\/01\/resistencia_eletrica_churrasqueira-e-lareira1.jpg 768w\" sizes=\"(max-width: 150px) 100vw, 150px\" \/><\/a>\n\t\t\t<\/div>\n\t\t\t\t<figcaption class='wp-caption-text gallery-caption' id='gallery-2-338'>\n\t\t\t\tAcendedor de churrasqueira e lareira\n\t\t\t\t<\/figcaption><\/figure><figure class='gallery-item'>\n\t\t\t<div class='gallery-icon landscape'>\n\t\t\t\t<a data-elementor-open-lightbox=\"yes\" data-elementor-lightbox-slideshow=\"5f2bc777\" data-elementor-lightbox-title=\"resistencia_eletrica_churrasqueira e lareira2\" data-e-action-hash=\"#elementor-action%3Aaction%3Dlightbox%26settings%3DeyJpZCI6MzM5LCJ1cmwiOiJodHRwczpcL1wvZWx0cmEuY29tLmJyXC9zaXRlXC93cC1jb250ZW50XC91cGxvYWRzXC8yMDI0XC8wMVwvcmVzaXN0ZW5jaWFfZWxldHJpY2FfY2h1cnJhc3F1ZWlyYS1lLWxhcmVpcmEyLmpwZyIsInNsaWRlc2hvdyI6IjVmMmJjNzc3In0%3D\" href='https:\/\/eltra.com.br\/site\/wp-content\/uploads\/2024\/01\/resistencia_eletrica_churrasqueira-e-lareira2.jpg'><img loading=\"lazy\" decoding=\"async\" width=\"150\" height=\"150\" src=\"https:\/\/eltra.com.br\/site\/wp-content\/uploads\/2024\/01\/resistencia_eletrica_churrasqueira-e-lareira2-150x150.jpg\" class=\"attachment-thumbnail size-thumbnail\" alt=\"\" aria-describedby=\"gallery-2-339\" srcset=\"https:\/\/eltra.com.br\/site\/wp-content\/uploads\/2024\/01\/resistencia_eletrica_churrasqueira-e-lareira2-150x150.jpg 150w, https:\/\/eltra.com.br\/site\/wp-content\/uploads\/2024\/01\/resistencia_eletrica_churrasqueira-e-lareira2-300x300.jpg 300w, https:\/\/eltra.com.br\/site\/wp-content\/uploads\/2024\/01\/resistencia_eletrica_churrasqueira-e-lareira2.jpg 768w\" sizes=\"(max-width: 150px) 100vw, 150px\" \/><\/a>\n\t\t\t<\/div>\n\t\t\t\t<figcaption class='wp-caption-text gallery-caption' id='gallery-2-339'>\n\t\t\t\tAcendedor de churrasqueira e lareira\n\t\t\t\t<\/figcaption><\/figure><figure class='gallery-item'>\n\t\t\t<div class='gallery-icon landscape'>\n\t\t\t\t<a data-elementor-open-lightbox=\"yes\" data-elementor-lightbox-slideshow=\"5f2bc777\" data-elementor-lightbox-title=\"resistencia_eletrica_churrasqueira e lareira3\" data-e-action-hash=\"#elementor-action%3Aaction%3Dlightbox%26settings%3DeyJpZCI6MzQwLCJ1cmwiOiJodHRwczpcL1wvZWx0cmEuY29tLmJyXC9zaXRlXC93cC1jb250ZW50XC91cGxvYWRzXC8yMDI0XC8wMVwvcmVzaXN0ZW5jaWFfZWxldHJpY2FfY2h1cnJhc3F1ZWlyYS1lLWxhcmVpcmEzLmpwZyIsInNsaWRlc2hvdyI6IjVmMmJjNzc3In0%3D\" href='https:\/\/eltra.com.br\/site\/wp-content\/uploads\/2024\/01\/resistencia_eletrica_churrasqueira-e-lareira3.jpg'><img loading=\"lazy\" decoding=\"async\" width=\"150\" height=\"150\" src=\"https:\/\/eltra.com.br\/site\/wp-content\/uploads\/2024\/01\/resistencia_eletrica_churrasqueira-e-lareira3-150x150.jpg\" class=\"attachment-thumbnail size-thumbnail\" alt=\"\" aria-describedby=\"gallery-2-340\" srcset=\"https:\/\/eltra.com.br\/site\/wp-content\/uploads\/2024\/01\/resistencia_eletrica_churrasqueira-e-lareira3-150x150.jpg 150w, https:\/\/eltra.com.br\/site\/wp-content\/uploads\/2024\/01\/resistencia_eletrica_churrasqueira-e-lareira3-300x300.jpg 300w, https:\/\/eltra.com.br\/site\/wp-content\/uploads\/2024\/01\/resistencia_eletrica_churrasqueira-e-lareira3.jpg 768w\" sizes=\"(max-width: 150px) 100vw, 150px\" \/><\/a>\n\t\t\t<\/div>\n\t\t\t\t<figcaption class='wp-caption-text gallery-caption' id='gallery-2-340'>\n\t\t\t\tAcendedor de churrasqueira e lareira\n\t\t\t\t<\/figcaption><\/figure>\n\t\t<\/div>\n\t\t<\/div>\n\t\t\t\t\t\t<\/div>\n\t\t\t\t<\/div>\n\t\t\t\t\t<\/div>\n\t\t<\/div>\n\t\t\t\t<div class=\"elementor-column elementor-col-50 elementor-inner-column elementor-element elementor-element-4283f571\" data-id=\"4283f571\" data-element_type=\"column\">\n\t\t\t<div class=\"elementor-widget-wrap elementor-element-populated\">\n\t\t\t\t\t\t<div class=\"elementor-element elementor-element-e9f01f5 elementor-widget elementor-widget-text-editor\" data-id=\"e9f01f5\" data-element_type=\"widget\" data-widget_type=\"text-editor.default\">\n\t\t\t\t<div class=\"elementor-widget-container\">\n\t\t\t\t\t\t\t\t\t<p>A <em>ELTRA<\/em> traz para voc\u00ea um produto indispens\u00e1vel para acender sua <strong>churrasqueira e lareira<\/strong> no seu dia-a-dia.<\/p><p>O <strong>acendedor el\u00e9trico<\/strong> Brasa a Jato substitui qualquer produto usado para acender <strong>churrasqueira e lareira<\/strong>, sendo mais seguro e eficiente.<\/p><p><em>F\u00e1cil de usar:<\/em><\/p><p>Coloque o Brasa a Jato entre o carv\u00e3o e a lenha para que a propaga\u00e7\u00e3o do calor seja mais r\u00e1pida.\u00a0<\/p><p>Deixe a regi\u00e3o do cabo e do fio fora do local.<\/p><p>Ligue o Brasa a Jato, e aos primeiros sinais de chama, retire-o.<\/p>\t\t\t\t\t\t\t\t<\/div>\n\t\t\t\t<\/div>\n\t\t\t\t<div class=\"elementor-element elementor-element-778fd961 elementor-align-center elementor-widget elementor-widget-button\" data-id=\"778fd961\" data-element_type=\"widget\" data-widget_type=\"button.default\">\n\t\t\t\t<div class=\"elementor-widget-container\">\n\t\t\t\t\t\t\t\t\t<div class=\"elementor-button-wrapper\">\n\t\t\t\t\t<a class=\"elementor-button elementor-button-link elementor-size-lg\" href=\"https:\/\/wa.me\/5511953905385\">\n\t\t\t\t\t\t<span class=\"elementor-button-content-wrapper\">\n\t\t\t\t\t\t\t\t\t<span class=\"elementor-button-text\">SOLICITAR OR\u00c7AMENTO<\/span>\n\t\t\t\t\t<\/span>\n\t\t\t\t\t<\/a>\n\t\t\t\t<\/div>\n\t\t\t\t\t\t\t\t<\/div>\n\t\t\t\t<\/div>\n\t\t\t\t\t<\/div>\n\t\t<\/div>\n\t\t\t\t\t<\/div>\n\t\t<\/section>\n\t\t\t\t<div class=\"elementor-element elementor-element-30b8abf elementor-widget elementor-widget-html\" data-id=\"30b8abf\" data-element_type=\"widget\" data-widget_type=\"html.default\">\n\t\t\t\t<div class=\"elementor-widget-container\">\n\t\t\t\t\t<!-- onclick=\"return gtag_report_conversion('https:\/\/web.whatsapp.com\/send?phone=5511953905385');\" -->\t\t\t\t<\/div>\n\t\t\t\t<\/div>\n\t\t\t\t\t<\/div>\n\t\t<\/div>\n\t\t\t\t\t<\/div>\n\t\t<\/section>\n\t\t\t\t<\/div>\n\t\t","protected":false},"excerpt":{"rendered":"<p>Acendedor el\u00e9trico de churrasqueira Acendedor de churrasqueira e lareira Acendedor de churrasqueira e lareira Acendedor de churrasqueira e lareira Acendedor de churrasqueira e lareira Acendedor de churrasqueira e lareira A ELTRA traz para voc\u00ea um produto indispens\u00e1vel para acender sua churrasqueira e lareira no seu dia-a-dia. O acendedor el\u00e9trico Brasa a Jato substitui qualquer produto [&hellip;]<\/p>\n","protected":false},"author":1,"featured_media":337,"parent":0,"menu_order":0,"comment_status":"closed","ping_status":"closed","template":"","meta":{"site-sidebar-layout":"no-sidebar","site-content-layout":"","ast-site-content-layout":"full-width-container","site-content-style":"default","site-sidebar-style":"default","ast-global-header-display":"","ast-banner-title-visibility":"","ast-main-header-display":"","ast-hfb-above-header-display":"","ast-hfb-below-header-display":"","ast-hfb-mobile-header-display":"","site-post-title":"disabled","ast-breadcrumbs-content":"","ast-featured-img":"disabled","footer-sml-layout":"","ast-disable-related-posts":"","theme-transparent-header-meta":"","adv-header-id-meta":"","stick-header-meta":"","header-above-stick-meta":"","header-main-stick-meta":"","header-below-stick-meta":"","astra-migrate-meta-layouts":"default","ast-page-background-enabled":"default","ast-page-background-meta":{"desktop":{"background-color":"var(--ast-global-color-4)","background-image":"","background-repeat":"repeat","background-position":"center center","background-size":"auto","background-attachment":"scroll","background-type":"","background-media":"","overlay-type":"","overlay-color":"","overlay-opacity":"","overlay-gradient":""},"tablet":{"background-color":"","background-image":"","background-repeat":"repeat","background-position":"center center","background-size":"auto","background-attachment":"scroll","background-type":"","background-media":"","overlay-type":"","overlay-color":"","overlay-opacity":"","overlay-gradient":""},"mobile":{"background-color":"","background-image":"","background-repeat":"repeat","background-position":"center center","background-size":"auto","background-attachment":"scroll","background-type":"","background-media":"","overlay-type":"","overlay-color":"","overlay-opacity":"","overlay-gradient":""}},"ast-content-background-meta":{"desktop":{"background-color":"var(--ast-global-color-5)","background-image":"","background-repeat":"repeat","background-position":"center center","background-size":"auto","background-attachment":"scroll","background-type":"","background-media":"","overlay-type":"","overlay-color":"","overlay-opacity":"","overlay-gradient":""},"tablet":{"background-color":"var(--ast-global-color-5)","background-image":"","background-repeat":"repeat","background-position":"center center","background-size":"auto","background-attachment":"scroll","background-type":"","background-media":"","overlay-type":"","overlay-color":"","overlay-opacity":"","overlay-gradient":""},"mobile":{"background-color":"var(--ast-global-color-5)","background-image":"","background-repeat":"repeat","background-position":"center center","background-size":"auto","background-attachment":"scroll","background-type":"","background-media":"","overlay-type":"","overlay-color":"","overlay-opacity":"","overlay-gradient":""}},"footnotes":""},"class_list":["post-336","page","type-page","status-publish","has-post-thumbnail","hentry"],"_links":{"self":[{"href":"https:\/\/eltra.com.br\/site\/wp-json\/wp\/v2\/pages\/336","targetHints":{"allow":["GET"]}}],"collection":[{"href":"https:\/\/eltra.com.br\/site\/wp-json\/wp\/v2\/pages"}],"about":[{"href":"https:\/\/eltra.com.br\/site\/wp-json\/wp\/v2\/types\/page"}],"author":[{"embeddable":true,"href":"https:\/\/eltra.com.br\/site\/wp-json\/wp\/v2\/users\/1"}],"replies":[{"embeddable":true,"href":"https:\/\/eltra.com.br\/site\/wp-json\/wp\/v2\/comments?post=336"}],"version-history":[{"count":18,"href":"https:\/\/eltra.com.br\/site\/wp-json\/wp\/v2\/pages\/336\/revisions"}],"predecessor-version":[{"id":639,"href":"https:\/\/eltra.com.br\/site\/wp-json\/wp\/v2\/pages\/336\/revisions\/639"}],"wp:featuredmedia":[{"embeddable":true,"href":"https:\/\/eltra.com.br\/site\/wp-json\/wp\/v2\/media\/337"}],"wp:attachment":[{"href":"https:\/\/eltra.com.br\/site\/wp-json\/wp\/v2\/media?parent=336"}],"curies":[{"name":"wp","href":"https:\/\/api.w.org\/{rel}","templated":true}]}}