{"id":344,"date":"2024-01-16T18:16:47","date_gmt":"2024-01-16T18:16:47","guid":{"rendered":"https:\/\/eltra.com.br\/site\/?page_id=344"},"modified":"2024-01-17T00:57:10","modified_gmt":"2024-01-17T00:57:10","slug":"aquecedor-de-passagem","status":"publish","type":"page","link":"https:\/\/eltra.com.br\/site\/aquecedor-de-passagem\/","title":{"rendered":"Aquecedor de passagem"},"content":{"rendered":"\t\t<div data-elementor-type=\"wp-page\" data-elementor-id=\"344\" class=\"elementor elementor-344\">\n\t\t\t\t\t\t<section class=\"elementor-section elementor-top-section elementor-element elementor-element-b704aa elementor-reverse-tablet elementor-reverse-mobile elementor-section-boxed elementor-section-height-default elementor-section-height-default\" data-id=\"b704aa\" data-element_type=\"section\">\n\t\t\t\t\t\t<div class=\"elementor-container elementor-column-gap-default\">\n\t\t\t\t\t<div class=\"elementor-column elementor-col-100 elementor-top-column elementor-element elementor-element-4c45c96\" data-id=\"4c45c96\" data-element_type=\"column\">\n\t\t\t<div class=\"elementor-widget-wrap elementor-element-populated\">\n\t\t\t\t\t\t<section class=\"elementor-section elementor-inner-section elementor-element elementor-element-1491b5f2 elementor-section-boxed elementor-section-height-default elementor-section-height-default\" data-id=\"1491b5f2\" data-element_type=\"section\">\n\t\t\t\t\t\t<div class=\"elementor-container elementor-column-gap-default\">\n\t\t\t\t\t<div class=\"elementor-column elementor-col-100 elementor-inner-column elementor-element elementor-element-6bcaf6b3\" data-id=\"6bcaf6b3\" data-element_type=\"column\">\n\t\t\t<div class=\"elementor-widget-wrap elementor-element-populated\">\n\t\t\t\t\t\t<div class=\"elementor-element elementor-element-1b53f535 elementor-widget elementor-widget-heading\" data-id=\"1b53f535\" data-element_type=\"widget\" data-widget_type=\"heading.default\">\n\t\t\t\t<div class=\"elementor-widget-container\">\n\t\t\t\t\t<h1 class=\"elementor-heading-title elementor-size-large\">Aquecedor de passagem<\/h1>\t\t\t\t<\/div>\n\t\t\t\t<\/div>\n\t\t\t\t\t<\/div>\n\t\t<\/div>\n\t\t\t\t\t<\/div>\n\t\t<\/section>\n\t\t\t\t<section class=\"elementor-section elementor-inner-section elementor-element elementor-element-49314c2f elementor-section-boxed elementor-section-height-default elementor-section-height-default\" data-id=\"49314c2f\" data-element_type=\"section\">\n\t\t\t\t\t\t<div class=\"elementor-container elementor-column-gap-default\">\n\t\t\t\t\t<div class=\"elementor-column elementor-col-50 elementor-inner-column elementor-element elementor-element-6996edb7\" data-id=\"6996edb7\" data-element_type=\"column\">\n\t\t\t<div class=\"elementor-widget-wrap elementor-element-populated\">\n\t\t\t\t\t\t<div class=\"elementor-element elementor-element-5f3c8640 e-transform elementor-hidden-mobile elementor-widget elementor-widget-image-gallery\" data-id=\"5f3c8640\" data-element_type=\"widget\" data-settings=\"{&quot;_transform_scale_effect&quot;:{&quot;unit&quot;:&quot;px&quot;,&quot;size&quot;:&quot;&quot;,&quot;sizes&quot;:[]},&quot;_transform_scale_effect_tablet&quot;:{&quot;unit&quot;:&quot;px&quot;,&quot;size&quot;:&quot;&quot;,&quot;sizes&quot;:[]},&quot;_transform_scale_effect_mobile&quot;:{&quot;unit&quot;:&quot;px&quot;,&quot;size&quot;:&quot;&quot;,&quot;sizes&quot;:[]}}\" data-widget_type=\"image-gallery.default\">\n\t\t\t\t<div class=\"elementor-widget-container\">\n\t\t\t\t\t\t\t<div class=\"elementor-image-gallery\">\n\t\t\t<div id='gallery-1' class='gallery galleryid-344 gallery-columns-1 gallery-size-medium'><figure class='gallery-item'>\n\t\t\t<div class='gallery-icon landscape'>\n\t\t\t\t<a data-elementor-open-lightbox=\"yes\" data-elementor-lightbox-slideshow=\"5f3c8640\" data-e-action-hash=\"#elementor-action%3Aaction%3Dlightbox%26settings%3DeyJpZCI6ODAsInVybCI6Imh0dHBzOlwvXC9lbHRyYS5jb20uYnJcL3NpdGVcL3dwLWNvbnRlbnRcL3VwbG9hZHNcLzIwMjNcLzEyXC9XaGF0c0FwcC1JbWFnZS0yMDIzLTA4LTAxLWF0LTE2LjMyLjE4LTEuanBlZyIsInNsaWRlc2hvdyI6IjVmM2M4NjQwIn0%3D\" href='https:\/\/eltra.com.br\/site\/wp-content\/uploads\/2023\/12\/WhatsApp-Image-2023-08-01-at-16.32.18-1.jpeg'><img fetchpriority=\"high\" decoding=\"async\" width=\"300\" height=\"300\" src=\"https:\/\/eltra.com.br\/site\/wp-content\/uploads\/2023\/12\/WhatsApp-Image-2023-08-01-at-16.32.18-1-300x300.jpeg\" class=\"attachment-medium size-medium\" alt=\"Aquecedor de passagem\" aria-describedby=\"gallery-1-80\" srcset=\"https:\/\/eltra.com.br\/site\/wp-content\/uploads\/2023\/12\/WhatsApp-Image-2023-08-01-at-16.32.18-1-300x300.jpeg 300w, https:\/\/eltra.com.br\/site\/wp-content\/uploads\/2023\/12\/WhatsApp-Image-2023-08-01-at-16.32.18-1-150x150.jpeg 150w, https:\/\/eltra.com.br\/site\/wp-content\/uploads\/2023\/12\/WhatsApp-Image-2023-08-01-at-16.32.18-1-768x768.jpeg 768w, https:\/\/eltra.com.br\/site\/wp-content\/uploads\/2023\/12\/WhatsApp-Image-2023-08-01-at-16.32.18-1.jpeg 800w\" sizes=\"(max-width: 300px) 100vw, 300px\" \/><\/a>\n\t\t\t<\/div>\n\t\t\t\t<figcaption class='wp-caption-text gallery-caption' id='gallery-1-80'>\n\t\t\t\tAquecedor de passagem\n\t\t\t\t<\/figcaption><\/figure>\n\t\t<\/div>\n\t\t<\/div>\n\t\t\t\t\t\t<\/div>\n\t\t\t\t<\/div>\n\t\t\t\t<div class=\"elementor-element elementor-element-378f12c gallery-spacing-custom elementor-widget elementor-widget-image-gallery\" data-id=\"378f12c\" data-element_type=\"widget\" data-widget_type=\"image-gallery.default\">\n\t\t\t\t<div class=\"elementor-widget-container\">\n\t\t\t\t\t\t\t<div class=\"elementor-image-gallery\">\n\t\t\t<div id='gallery-2' class='gallery galleryid-344 gallery-columns-3 gallery-size-thumbnail'><figure class='gallery-item'>\n\t\t\t<div class='gallery-icon landscape'>\n\t\t\t\t<a data-elementor-open-lightbox=\"yes\" data-elementor-lightbox-slideshow=\"378f12c\" data-e-action-hash=\"#elementor-action%3Aaction%3Dlightbox%26settings%3DeyJpZCI6MzUzLCJ1cmwiOiJodHRwczpcL1wvZWx0cmEuY29tLmJyXC9zaXRlXC93cC1jb250ZW50XC91cGxvYWRzXC8yMDI0XC8wMVwvQXF1ZWNlZG9yX3Bhc3NhZ2VtX21lZGlkYS5qcGciLCJzbGlkZXNob3ciOiIzNzhmMTJjIn0%3D\" href='https:\/\/eltra.com.br\/site\/wp-content\/uploads\/2024\/01\/Aquecedor_passagem_medida.jpg'><img decoding=\"async\" width=\"150\" height=\"150\" src=\"https:\/\/eltra.com.br\/site\/wp-content\/uploads\/2024\/01\/Aquecedor_passagem_medida-150x150.jpg\" class=\"attachment-thumbnail size-thumbnail\" alt=\"Medida\" aria-describedby=\"gallery-2-353\" srcset=\"https:\/\/eltra.com.br\/site\/wp-content\/uploads\/2024\/01\/Aquecedor_passagem_medida-150x150.jpg 150w, https:\/\/eltra.com.br\/site\/wp-content\/uploads\/2024\/01\/Aquecedor_passagem_medida-300x300.jpg 300w, https:\/\/eltra.com.br\/site\/wp-content\/uploads\/2024\/01\/Aquecedor_passagem_medida.jpg 768w\" sizes=\"(max-width: 150px) 100vw, 150px\" \/><\/a>\n\t\t\t<\/div>\n\t\t\t\t<figcaption class='wp-caption-text gallery-caption' id='gallery-2-353'>\n\t\t\t\tMedida\n\t\t\t\t<\/figcaption><\/figure><figure class='gallery-item'>\n\t\t\t<div class='gallery-icon landscape'>\n\t\t\t\t<a data-elementor-open-lightbox=\"yes\" data-elementor-lightbox-slideshow=\"378f12c\" data-e-action-hash=\"#elementor-action%3Aaction%3Dlightbox%26settings%3DeyJpZCI6MzQ4LCJ1cmwiOiJodHRwczpcL1wvZWx0cmEuY29tLmJyXC9zaXRlXC93cC1jb250ZW50XC91cGxvYWRzXC8yMDI0XC8wMVwvQXF1ZWNlZG9yX3Bhc3NhZ2VtX2FndWEuanBnIiwic2xpZGVzaG93IjoiMzc4ZjEyYyJ9\" data-elementor-lightbox-title=\"Aquecedor_passagem_agua\" href='https:\/\/eltra.com.br\/site\/wp-content\/uploads\/2024\/01\/Aquecedor_passagem_agua.jpg'><img decoding=\"async\" width=\"150\" height=\"150\" src=\"https:\/\/eltra.com.br\/site\/wp-content\/uploads\/2024\/01\/Aquecedor_passagem_agua-150x150.jpg\" class=\"attachment-thumbnail size-thumbnail\" alt=\"\" aria-describedby=\"gallery-2-348\" srcset=\"https:\/\/eltra.com.br\/site\/wp-content\/uploads\/2024\/01\/Aquecedor_passagem_agua-150x150.jpg 150w, https:\/\/eltra.com.br\/site\/wp-content\/uploads\/2024\/01\/Aquecedor_passagem_agua-300x300.jpg 300w, https:\/\/eltra.com.br\/site\/wp-content\/uploads\/2024\/01\/Aquecedor_passagem_agua.jpg 768w\" sizes=\"(max-width: 150px) 100vw, 150px\" \/><\/a>\n\t\t\t<\/div>\n\t\t\t\t<figcaption class='wp-caption-text gallery-caption' id='gallery-2-348'>\n\t\t\t\tTabela\n\t\t\t\t<\/figcaption><\/figure><figure class='gallery-item'>\n\t\t\t<div class='gallery-icon landscape'>\n\t\t\t\t<a data-elementor-open-lightbox=\"yes\" data-elementor-lightbox-slideshow=\"378f12c\" data-e-action-hash=\"#elementor-action%3Aaction%3Dlightbox%26settings%3DeyJpZCI6MzU0LCJ1cmwiOiJodHRwczpcL1wvZWx0cmEuY29tLmJyXC9zaXRlXC93cC1jb250ZW50XC91cGxvYWRzXC8yMDI0XC8wMVwvQXF1ZWNlZG9yX3Bhc3NhZ2VtX29sZW8uanBnIiwic2xpZGVzaG93IjoiMzc4ZjEyYyJ9\" data-elementor-lightbox-title=\"Aquecedor_passagem_oleo\" href='https:\/\/eltra.com.br\/site\/wp-content\/uploads\/2024\/01\/Aquecedor_passagem_oleo.jpg'><img loading=\"lazy\" decoding=\"async\" width=\"150\" height=\"150\" src=\"https:\/\/eltra.com.br\/site\/wp-content\/uploads\/2024\/01\/Aquecedor_passagem_oleo-150x150.jpg\" class=\"attachment-thumbnail size-thumbnail\" alt=\"\" aria-describedby=\"gallery-2-354\" srcset=\"https:\/\/eltra.com.br\/site\/wp-content\/uploads\/2024\/01\/Aquecedor_passagem_oleo-150x150.jpg 150w, https:\/\/eltra.com.br\/site\/wp-content\/uploads\/2024\/01\/Aquecedor_passagem_oleo-300x300.jpg 300w, https:\/\/eltra.com.br\/site\/wp-content\/uploads\/2024\/01\/Aquecedor_passagem_oleo.jpg 768w\" sizes=\"(max-width: 150px) 100vw, 150px\" \/><\/a>\n\t\t\t<\/div>\n\t\t\t\t<figcaption class='wp-caption-text gallery-caption' id='gallery-2-354'>\n\t\t\t\tTabela\n\t\t\t\t<\/figcaption><\/figure>\n\t\t<\/div>\n\t\t<\/div>\n\t\t\t\t\t\t<\/div>\n\t\t\t\t<\/div>\n\t\t\t\t\t<\/div>\n\t\t<\/div>\n\t\t\t\t<div class=\"elementor-column elementor-col-50 elementor-inner-column elementor-element elementor-element-4b7ab0c0\" data-id=\"4b7ab0c0\" data-element_type=\"column\">\n\t\t\t<div class=\"elementor-widget-wrap elementor-element-populated\">\n\t\t\t\t\t\t<div class=\"elementor-element elementor-element-286e48e0 elementor-widget elementor-widget-text-editor\" data-id=\"286e48e0\" data-element_type=\"widget\" data-widget_type=\"text-editor.default\">\n\t\t\t\t<div class=\"elementor-widget-container\">\n\t\t\t\t\t\t\t\t\t<p><strong>Aquecedor el\u00e9trico industrial<\/strong> ELTRA para aquecimento de \u00e1gua ou \u00f3leo.<\/p><p>Constru\u00eddo em tubo de a\u00e7o, com isolamento t\u00e9rmico em fibra cer\u00e2mica com termostato, caixa \u00e0 prova de explos\u00e3o ou \u00e0 umidade flange norma ASA B 16.5, 150 ou 300 libras.<\/p>\t\t\t\t\t\t\t\t<\/div>\n\t\t\t\t<\/div>\n\t\t\t\t<div class=\"elementor-element elementor-element-64340870 elementor-align-center elementor-widget elementor-widget-button\" data-id=\"64340870\" data-element_type=\"widget\" data-widget_type=\"button.default\">\n\t\t\t\t<div class=\"elementor-widget-container\">\n\t\t\t\t\t\t\t\t\t<div class=\"elementor-button-wrapper\">\n\t\t\t\t\t<a class=\"elementor-button elementor-button-link elementor-size-lg\" href=\"https:\/\/wa.me\/5511953905385\">\n\t\t\t\t\t\t<span class=\"elementor-button-content-wrapper\">\n\t\t\t\t\t\t\t\t\t<span class=\"elementor-button-text\">SOLICITAR OR\u00c7AMENTO<\/span>\n\t\t\t\t\t<\/span>\n\t\t\t\t\t<\/a>\n\t\t\t\t<\/div>\n\t\t\t\t\t\t\t\t<\/div>\n\t\t\t\t<\/div>\n\t\t\t\t\t<\/div>\n\t\t<\/div>\n\t\t\t\t\t<\/div>\n\t\t<\/section>\n\t\t\t\t<section class=\"elementor-section elementor-inner-section elementor-element elementor-element-4d88fc elementor-section-boxed elementor-section-height-default elementor-section-height-default\" data-id=\"4d88fc\" data-element_type=\"section\">\n\t\t\t\t\t\t<div class=\"elementor-container elementor-column-gap-default\">\n\t\t\t\t\t<div class=\"elementor-column elementor-col-50 elementor-inner-column elementor-element elementor-element-3c73f9e0\" data-id=\"3c73f9e0\" data-element_type=\"column\">\n\t\t\t<div class=\"elementor-widget-wrap elementor-element-populated\">\n\t\t\t\t\t\t<div class=\"elementor-element elementor-element-7b76b419 e-transform elementor-hidden-mobile elementor-widget elementor-widget-image-gallery\" data-id=\"7b76b419\" data-element_type=\"widget\" data-settings=\"{&quot;_transform_scale_effect&quot;:{&quot;unit&quot;:&quot;px&quot;,&quot;size&quot;:&quot;&quot;,&quot;sizes&quot;:[]},&quot;_transform_scale_effect_tablet&quot;:{&quot;unit&quot;:&quot;px&quot;,&quot;size&quot;:&quot;&quot;,&quot;sizes&quot;:[]},&quot;_transform_scale_effect_mobile&quot;:{&quot;unit&quot;:&quot;px&quot;,&quot;size&quot;:&quot;&quot;,&quot;sizes&quot;:[]}}\" data-widget_type=\"image-gallery.default\">\n\t\t\t\t<div class=\"elementor-widget-container\">\n\t\t\t\t\t\t\t<div class=\"elementor-image-gallery\">\n\t\t\t<div id='gallery-3' class='gallery galleryid-344 gallery-columns-1 gallery-size-medium'><figure class='gallery-item'>\n\t\t\t<div class='gallery-icon landscape'>\n\t\t\t\t<a data-elementor-open-lightbox=\"yes\" data-elementor-lightbox-slideshow=\"7b76b419\" data-elementor-lightbox-title=\"Aquecedor_passagem_diversos_todos\" data-e-action-hash=\"#elementor-action%3Aaction%3Dlightbox%26settings%3DeyJpZCI6MzUwLCJ1cmwiOiJodHRwczpcL1wvZWx0cmEuY29tLmJyXC9zaXRlXC93cC1jb250ZW50XC91cGxvYWRzXC8yMDI0XC8wMVwvQXF1ZWNlZG9yX3Bhc3NhZ2VtX2RpdmVyc29zX3RvZG9zLmpwZyIsInNsaWRlc2hvdyI6IjdiNzZiNDE5In0%3D\" href='https:\/\/eltra.com.br\/site\/wp-content\/uploads\/2024\/01\/Aquecedor_passagem_diversos_todos.jpg'><img loading=\"lazy\" decoding=\"async\" width=\"300\" height=\"300\" src=\"https:\/\/eltra.com.br\/site\/wp-content\/uploads\/2024\/01\/Aquecedor_passagem_diversos_todos-300x300.jpg\" class=\"attachment-medium size-medium\" alt=\"\" srcset=\"https:\/\/eltra.com.br\/site\/wp-content\/uploads\/2024\/01\/Aquecedor_passagem_diversos_todos-300x300.jpg 300w, https:\/\/eltra.com.br\/site\/wp-content\/uploads\/2024\/01\/Aquecedor_passagem_diversos_todos-150x150.jpg 150w, https:\/\/eltra.com.br\/site\/wp-content\/uploads\/2024\/01\/Aquecedor_passagem_diversos_todos.jpg 768w\" sizes=\"(max-width: 300px) 100vw, 300px\" \/><\/a>\n\t\t\t<\/div><\/figure>\n\t\t<\/div>\n\t\t<\/div>\n\t\t\t\t\t\t<\/div>\n\t\t\t\t<\/div>\n\t\t\t\t<div class=\"elementor-element elementor-element-448ddffc gallery-spacing-custom elementor-widget elementor-widget-image-gallery\" data-id=\"448ddffc\" data-element_type=\"widget\" data-widget_type=\"image-gallery.default\">\n\t\t\t\t<div class=\"elementor-widget-container\">\n\t\t\t\t\t\t\t<div class=\"elementor-image-gallery\">\n\t\t\t<div id='gallery-4' class='gallery galleryid-344 gallery-columns-3 gallery-size-thumbnail'><figure class='gallery-item'>\n\t\t\t<div class='gallery-icon landscape'>\n\t\t\t\t<a data-elementor-open-lightbox=\"yes\" data-elementor-lightbox-slideshow=\"448ddffc\" data-elementor-lightbox-title=\"Aquecedor_passagem_diversos\" data-e-action-hash=\"#elementor-action%3Aaction%3Dlightbox%26settings%3DeyJpZCI6MzQ5LCJ1cmwiOiJodHRwczpcL1wvZWx0cmEuY29tLmJyXC9zaXRlXC93cC1jb250ZW50XC91cGxvYWRzXC8yMDI0XC8wMVwvQXF1ZWNlZG9yX3Bhc3NhZ2VtX2RpdmVyc29zLmpwZyIsInNsaWRlc2hvdyI6IjQ0OGRkZmZjIn0%3D\" href='https:\/\/eltra.com.br\/site\/wp-content\/uploads\/2024\/01\/Aquecedor_passagem_diversos.jpg'><img loading=\"lazy\" decoding=\"async\" width=\"150\" height=\"150\" src=\"https:\/\/eltra.com.br\/site\/wp-content\/uploads\/2024\/01\/Aquecedor_passagem_diversos-150x150.jpg\" class=\"attachment-thumbnail size-thumbnail\" alt=\"\" aria-describedby=\"gallery-4-349\" srcset=\"https:\/\/eltra.com.br\/site\/wp-content\/uploads\/2024\/01\/Aquecedor_passagem_diversos-150x150.jpg 150w, https:\/\/eltra.com.br\/site\/wp-content\/uploads\/2024\/01\/Aquecedor_passagem_diversos-300x300.jpg 300w, https:\/\/eltra.com.br\/site\/wp-content\/uploads\/2024\/01\/Aquecedor_passagem_diversos.jpg 768w\" sizes=\"(max-width: 150px) 100vw, 150px\" \/><\/a>\n\t\t\t<\/div>\n\t\t\t\t<figcaption class='wp-caption-text gallery-caption' id='gallery-4-349'>\n\t\t\t\tFlangeado\n\t\t\t\t<\/figcaption><\/figure><figure class='gallery-item'>\n\t\t\t<div class='gallery-icon landscape'>\n\t\t\t\t<a data-elementor-open-lightbox=\"yes\" data-elementor-lightbox-slideshow=\"448ddffc\" data-elementor-lightbox-title=\"Aquecedor_passagem_diversos1\" data-e-action-hash=\"#elementor-action%3Aaction%3Dlightbox%26settings%3DeyJpZCI6MzUxLCJ1cmwiOiJodHRwczpcL1wvZWx0cmEuY29tLmJyXC9zaXRlXC93cC1jb250ZW50XC91cGxvYWRzXC8yMDI0XC8wMVwvQXF1ZWNlZG9yX3Bhc3NhZ2VtX2RpdmVyc29zMS5qcGciLCJzbGlkZXNob3ciOiI0NDhkZGZmYyJ9\" href='https:\/\/eltra.com.br\/site\/wp-content\/uploads\/2024\/01\/Aquecedor_passagem_diversos1.jpg'><img loading=\"lazy\" decoding=\"async\" width=\"150\" height=\"150\" src=\"https:\/\/eltra.com.br\/site\/wp-content\/uploads\/2024\/01\/Aquecedor_passagem_diversos1-150x150.jpg\" class=\"attachment-thumbnail size-thumbnail\" alt=\"\" aria-describedby=\"gallery-4-351\" srcset=\"https:\/\/eltra.com.br\/site\/wp-content\/uploads\/2024\/01\/Aquecedor_passagem_diversos1-150x150.jpg 150w, https:\/\/eltra.com.br\/site\/wp-content\/uploads\/2024\/01\/Aquecedor_passagem_diversos1-300x300.jpg 300w, https:\/\/eltra.com.br\/site\/wp-content\/uploads\/2024\/01\/Aquecedor_passagem_diversos1.jpg 768w\" sizes=\"(max-width: 150px) 100vw, 150px\" \/><\/a>\n\t\t\t<\/div>\n\t\t\t\t<figcaption class='wp-caption-text gallery-caption' id='gallery-4-351'>\n\t\t\t\tFlangeado\n\t\t\t\t<\/figcaption><\/figure><figure class='gallery-item'>\n\t\t\t<div class='gallery-icon landscape'>\n\t\t\t\t<a data-elementor-open-lightbox=\"yes\" data-elementor-lightbox-slideshow=\"448ddffc\" data-elementor-lightbox-title=\"Aquecedor_passagem_diversos2\" data-e-action-hash=\"#elementor-action%3Aaction%3Dlightbox%26settings%3DeyJpZCI6MzUyLCJ1cmwiOiJodHRwczpcL1wvZWx0cmEuY29tLmJyXC9zaXRlXC93cC1jb250ZW50XC91cGxvYWRzXC8yMDI0XC8wMVwvQXF1ZWNlZG9yX3Bhc3NhZ2VtX2RpdmVyc29zMi5qcGciLCJzbGlkZXNob3ciOiI0NDhkZGZmYyJ9\" href='https:\/\/eltra.com.br\/site\/wp-content\/uploads\/2024\/01\/Aquecedor_passagem_diversos2.jpg'><img loading=\"lazy\" decoding=\"async\" width=\"150\" height=\"150\" src=\"https:\/\/eltra.com.br\/site\/wp-content\/uploads\/2024\/01\/Aquecedor_passagem_diversos2-150x150.jpg\" class=\"attachment-thumbnail size-thumbnail\" alt=\"\" aria-describedby=\"gallery-4-352\" srcset=\"https:\/\/eltra.com.br\/site\/wp-content\/uploads\/2024\/01\/Aquecedor_passagem_diversos2-150x150.jpg 150w, https:\/\/eltra.com.br\/site\/wp-content\/uploads\/2024\/01\/Aquecedor_passagem_diversos2-300x300.jpg 300w, https:\/\/eltra.com.br\/site\/wp-content\/uploads\/2024\/01\/Aquecedor_passagem_diversos2.jpg 768w\" sizes=\"(max-width: 150px) 100vw, 150px\" \/><\/a>\n\t\t\t<\/div>\n\t\t\t\t<figcaption class='wp-caption-text gallery-caption' id='gallery-4-352'>\n\t\t\t\tFlangeado\n\t\t\t\t<\/figcaption><\/figure>\n\t\t<\/div>\n\t\t<\/div>\n\t\t\t\t\t\t<\/div>\n\t\t\t\t<\/div>\n\t\t\t\t\t<\/div>\n\t\t<\/div>\n\t\t\t\t<div class=\"elementor-column elementor-col-50 elementor-inner-column elementor-element elementor-element-8487058\" data-id=\"8487058\" data-element_type=\"column\">\n\t\t\t<div class=\"elementor-widget-wrap elementor-element-populated\">\n\t\t\t\t\t\t<div class=\"elementor-element elementor-element-2cf77a08 elementor-widget elementor-widget-text-editor\" data-id=\"2cf77a08\" data-element_type=\"widget\" data-widget_type=\"text-editor.default\">\n\t\t\t\t<div class=\"elementor-widget-container\">\n\t\t\t\t\t\t\t\t\t<p>Resist\u00eancias el\u00e9tricas tipo flangeado, para aquecimento \u00e1gua, \u00f3leo ou ar.<\/p><p>Produzimos pe\u00e7as especiais para atender a sua necessidade.<\/p>\t\t\t\t\t\t\t\t<\/div>\n\t\t\t\t<\/div>\n\t\t\t\t<div class=\"elementor-element elementor-element-505a87e1 elementor-align-center elementor-widget elementor-widget-button\" data-id=\"505a87e1\" data-element_type=\"widget\" data-widget_type=\"button.default\">\n\t\t\t\t<div class=\"elementor-widget-container\">\n\t\t\t\t\t\t\t\t\t<div class=\"elementor-button-wrapper\">\n\t\t\t\t\t<a class=\"elementor-button elementor-button-link elementor-size-lg\" href=\"https:\/\/wa.me\/5511953905385\">\n\t\t\t\t\t\t<span class=\"elementor-button-content-wrapper\">\n\t\t\t\t\t\t\t\t\t<span class=\"elementor-button-text\">SOLICITAR OR\u00c7AMENTO<\/span>\n\t\t\t\t\t<\/span>\n\t\t\t\t\t<\/a>\n\t\t\t\t<\/div>\n\t\t\t\t\t\t\t\t<\/div>\n\t\t\t\t<\/div>\n\t\t\t\t\t<\/div>\n\t\t<\/div>\n\t\t\t\t\t<\/div>\n\t\t<\/section>\n\t\t\t\t\t<\/div>\n\t\t<\/div>\n\t\t\t\t\t<\/div>\n\t\t<\/section>\n\t\t\t\t<\/div>\n\t\t","protected":false},"excerpt":{"rendered":"<p>Aquecedor de passagem Aquecedor de passagem Medida Tabela Tabela Aquecedor el\u00e9trico industrial ELTRA para aquecimento de \u00e1gua ou \u00f3leo. Constru\u00eddo em tubo de a\u00e7o, com isolamento t\u00e9rmico em fibra cer\u00e2mica com termostato, caixa \u00e0 prova de explos\u00e3o ou \u00e0 umidade flange norma ASA B 16.5, 150 ou 300 libras. SOLICITAR OR\u00c7AMENTO Flangeado Flangeado Flangeado Resist\u00eancias [&hellip;]<\/p>\n","protected":false},"author":1,"featured_media":350,"parent":0,"menu_order":0,"comment_status":"closed","ping_status":"closed","template":"","meta":{"site-sidebar-layout":"no-sidebar","site-content-layout":"","ast-site-content-layout":"full-width-container","site-content-style":"default","site-sidebar-style":"default","ast-global-header-display":"","ast-banner-title-visibility":"","ast-main-header-display":"","ast-hfb-above-header-display":"","ast-hfb-below-header-display":"","ast-hfb-mobile-header-display":"","site-post-title":"disabled","ast-breadcrumbs-content":"","ast-featured-img":"disabled","footer-sml-layout":"","ast-disable-related-posts":"","theme-transparent-header-meta":"","adv-header-id-meta":"","stick-header-meta":"","header-above-stick-meta":"","header-main-stick-meta":"","header-below-stick-meta":"","astra-migrate-meta-layouts":"default","ast-page-background-enabled":"default","ast-page-background-meta":{"desktop":{"background-color":"var(--ast-global-color-4)","background-image":"","background-repeat":"repeat","background-position":"center center","background-size":"auto","background-attachment":"scroll","background-type":"","background-media":"","overlay-type":"","overlay-color":"","overlay-opacity":"","overlay-gradient":""},"tablet":{"background-color":"","background-image":"","background-repeat":"repeat","background-position":"center center","background-size":"auto","background-attachment":"scroll","background-type":"","background-media":"","overlay-type":"","overlay-color":"","overlay-opacity":"","overlay-gradient":""},"mobile":{"background-color":"","background-image":"","background-repeat":"repeat","background-position":"center center","background-size":"auto","background-attachment":"scroll","background-type":"","background-media":"","overlay-type":"","overlay-color":"","overlay-opacity":"","overlay-gradient":""}},"ast-content-background-meta":{"desktop":{"background-color":"var(--ast-global-color-5)","background-image":"","background-repeat":"repeat","background-position":"center center","background-size":"auto","background-attachment":"scroll","background-type":"","background-media":"","overlay-type":"","overlay-color":"","overlay-opacity":"","overlay-gradient":""},"tablet":{"background-color":"var(--ast-global-color-5)","background-image":"","background-repeat":"repeat","background-position":"center center","background-size":"auto","background-attachment":"scroll","background-type":"","background-media":"","overlay-type":"","overlay-color":"","overlay-opacity":"","overlay-gradient":""},"mobile":{"background-color":"var(--ast-global-color-5)","background-image":"","background-repeat":"repeat","background-position":"center center","background-size":"auto","background-attachment":"scroll","background-type":"","background-media":"","overlay-type":"","overlay-color":"","overlay-opacity":"","overlay-gradient":""}},"footnotes":""},"class_list":["post-344","page","type-page","status-publish","has-post-thumbnail","hentry"],"_links":{"self":[{"href":"https:\/\/eltra.com.br\/site\/wp-json\/wp\/v2\/pages\/344","targetHints":{"allow":["GET"]}}],"collection":[{"href":"https:\/\/eltra.com.br\/site\/wp-json\/wp\/v2\/pages"}],"about":[{"href":"https:\/\/eltra.com.br\/site\/wp-json\/wp\/v2\/types\/page"}],"author":[{"embeddable":true,"href":"https:\/\/eltra.com.br\/site\/wp-json\/wp\/v2\/users\/1"}],"replies":[{"embeddable":true,"href":"https:\/\/eltra.com.br\/site\/wp-json\/wp\/v2\/comments?post=344"}],"version-history":[{"count":12,"href":"https:\/\/eltra.com.br\/site\/wp-json\/wp\/v2\/pages\/344\/revisions"}],"predecessor-version":[{"id":543,"href":"https:\/\/eltra.com.br\/site\/wp-json\/wp\/v2\/pages\/344\/revisions\/543"}],"wp:featuredmedia":[{"embeddable":true,"href":"https:\/\/eltra.com.br\/site\/wp-json\/wp\/v2\/media\/350"}],"wp:attachment":[{"href":"https:\/\/eltra.com.br\/site\/wp-json\/wp\/v2\/media?parent=344"}],"curies":[{"name":"wp","href":"https:\/\/api.w.org\/{rel}","templated":true}]}}