{"id":363,"date":"2024-01-16T19:05:10","date_gmt":"2024-01-16T19:05:10","guid":{"rendered":"https:\/\/eltra.com.br\/site\/?page_id=363"},"modified":"2024-01-17T01:09:49","modified_gmt":"2024-01-17T01:09:49","slug":"cadinho-eletrico","status":"publish","type":"page","link":"https:\/\/eltra.com.br\/site\/cadinho-eletrico\/","title":{"rendered":"Cadinho el\u00e9trico"},"content":{"rendered":"\t\t<div data-elementor-type=\"wp-page\" data-elementor-id=\"363\" class=\"elementor elementor-363\">\n\t\t\t\t\t\t<section class=\"elementor-section elementor-top-section elementor-element elementor-element-2274af24 elementor-reverse-tablet elementor-reverse-mobile elementor-section-boxed elementor-section-height-default elementor-section-height-default\" data-id=\"2274af24\" data-element_type=\"section\">\n\t\t\t\t\t\t<div class=\"elementor-container elementor-column-gap-default\">\n\t\t\t\t\t<div class=\"elementor-column elementor-col-100 elementor-top-column elementor-element elementor-element-6d963f17\" data-id=\"6d963f17\" data-element_type=\"column\">\n\t\t\t<div class=\"elementor-widget-wrap elementor-element-populated\">\n\t\t\t\t\t\t<section class=\"elementor-section elementor-inner-section elementor-element elementor-element-2f4762bd elementor-section-boxed elementor-section-height-default elementor-section-height-default\" data-id=\"2f4762bd\" data-element_type=\"section\">\n\t\t\t\t\t\t<div class=\"elementor-container elementor-column-gap-default\">\n\t\t\t\t\t<div class=\"elementor-column elementor-col-100 elementor-inner-column elementor-element elementor-element-9a3e27d\" data-id=\"9a3e27d\" data-element_type=\"column\">\n\t\t\t<div class=\"elementor-widget-wrap elementor-element-populated\">\n\t\t\t\t\t\t<div class=\"elementor-element elementor-element-3e8002d1 elementor-widget elementor-widget-heading\" data-id=\"3e8002d1\" data-element_type=\"widget\" data-widget_type=\"heading.default\">\n\t\t\t\t<div class=\"elementor-widget-container\">\n\t\t\t\t\t<h1 class=\"elementor-heading-title elementor-size-large\">Cadinho el\u00e9trico<\/h1>\t\t\t\t<\/div>\n\t\t\t\t<\/div>\n\t\t\t\t\t<\/div>\n\t\t<\/div>\n\t\t\t\t\t<\/div>\n\t\t<\/section>\n\t\t\t\t<section class=\"elementor-section elementor-inner-section elementor-element elementor-element-bddf6ff elementor-section-boxed elementor-section-height-default elementor-section-height-default\" data-id=\"bddf6ff\" data-element_type=\"section\">\n\t\t\t\t\t\t<div class=\"elementor-container elementor-column-gap-default\">\n\t\t\t\t\t<div class=\"elementor-column elementor-col-50 elementor-inner-column elementor-element elementor-element-908d118\" data-id=\"908d118\" data-element_type=\"column\">\n\t\t\t<div class=\"elementor-widget-wrap elementor-element-populated\">\n\t\t\t\t\t\t<div class=\"elementor-element elementor-element-50bbe195 e-transform elementor-hidden-mobile elementor-widget elementor-widget-image-gallery\" data-id=\"50bbe195\" data-element_type=\"widget\" data-settings=\"{&quot;_transform_scale_effect&quot;:{&quot;unit&quot;:&quot;px&quot;,&quot;size&quot;:&quot;&quot;,&quot;sizes&quot;:[]},&quot;_transform_scale_effect_tablet&quot;:{&quot;unit&quot;:&quot;px&quot;,&quot;size&quot;:&quot;&quot;,&quot;sizes&quot;:[]},&quot;_transform_scale_effect_mobile&quot;:{&quot;unit&quot;:&quot;px&quot;,&quot;size&quot;:&quot;&quot;,&quot;sizes&quot;:[]}}\" data-widget_type=\"image-gallery.default\">\n\t\t\t\t<div class=\"elementor-widget-container\">\n\t\t\t\t\t\t\t<div class=\"elementor-image-gallery\">\n\t\t\t<div id='gallery-1' class='gallery galleryid-363 gallery-columns-1 gallery-size-medium'><figure class='gallery-item'>\n\t\t\t<div class='gallery-icon landscape'>\n\t\t\t\t<a data-elementor-open-lightbox=\"yes\" data-elementor-lightbox-slideshow=\"50bbe195\" data-e-action-hash=\"#elementor-action%3Aaction%3Dlightbox%26settings%3DeyJpZCI6ODEsInVybCI6Imh0dHBzOlwvXC9lbHRyYS5jb20uYnJcL3NpdGVcL3dwLWNvbnRlbnRcL3VwbG9hZHNcLzIwMjNcLzEyXC9XaGF0c0FwcC1JbWFnZS0yMDIzLTA4LTAxLWF0LTE2LjMyLjE4LTYuanBlZyIsInNsaWRlc2hvdyI6IjUwYmJlMTk1In0%3D\" href='https:\/\/eltra.com.br\/site\/wp-content\/uploads\/2023\/12\/WhatsApp-Image-2023-08-01-at-16.32.18-6.jpeg'><img fetchpriority=\"high\" decoding=\"async\" width=\"300\" height=\"300\" src=\"https:\/\/eltra.com.br\/site\/wp-content\/uploads\/2023\/12\/WhatsApp-Image-2023-08-01-at-16.32.18-6-300x300.jpeg\" class=\"attachment-medium size-medium\" alt=\"Cadinho\" aria-describedby=\"gallery-1-81\" srcset=\"https:\/\/eltra.com.br\/site\/wp-content\/uploads\/2023\/12\/WhatsApp-Image-2023-08-01-at-16.32.18-6-300x300.jpeg 300w, https:\/\/eltra.com.br\/site\/wp-content\/uploads\/2023\/12\/WhatsApp-Image-2023-08-01-at-16.32.18-6-150x150.jpeg 150w, https:\/\/eltra.com.br\/site\/wp-content\/uploads\/2023\/12\/WhatsApp-Image-2023-08-01-at-16.32.18-6-768x768.jpeg 768w, https:\/\/eltra.com.br\/site\/wp-content\/uploads\/2023\/12\/WhatsApp-Image-2023-08-01-at-16.32.18-6.jpeg 800w\" sizes=\"(max-width: 300px) 100vw, 300px\" \/><\/a>\n\t\t\t<\/div>\n\t\t\t\t<figcaption class='wp-caption-text gallery-caption' id='gallery-1-81'>\n\t\t\t\tCadinho\n\t\t\t\t<\/figcaption><\/figure>\n\t\t<\/div>\n\t\t<\/div>\n\t\t\t\t\t\t<\/div>\n\t\t\t\t<\/div>\n\t\t\t\t<div class=\"elementor-element elementor-element-7c6967ef gallery-spacing-custom elementor-widget elementor-widget-image-gallery\" data-id=\"7c6967ef\" data-element_type=\"widget\" data-widget_type=\"image-gallery.default\">\n\t\t\t\t<div class=\"elementor-widget-container\">\n\t\t\t\t\t\t\t<div class=\"elementor-image-gallery\">\n\t\t\t<div id='gallery-2' class='gallery galleryid-363 gallery-columns-3 gallery-size-thumbnail'><figure class='gallery-item'>\n\t\t\t<div class='gallery-icon landscape'>\n\t\t\t\t<a data-elementor-open-lightbox=\"yes\" data-elementor-lightbox-slideshow=\"7c6967ef\" data-elementor-lightbox-title=\"Cadinho_eletrico_eltra\" data-e-action-hash=\"#elementor-action%3Aaction%3Dlightbox%26settings%3DeyJpZCI6MzY1LCJ1cmwiOiJodHRwczpcL1wvZWx0cmEuY29tLmJyXC9zaXRlXC93cC1jb250ZW50XC91cGxvYWRzXC8yMDI0XC8wMVwvQ2FkaW5ob19lbGV0cmljb19lbHRyYS0xLmpwZyIsInNsaWRlc2hvdyI6IjdjNjk2N2VmIn0%3D\" href='https:\/\/eltra.com.br\/site\/wp-content\/uploads\/2024\/01\/Cadinho_eletrico_eltra-1.jpg'><img decoding=\"async\" width=\"150\" height=\"150\" src=\"https:\/\/eltra.com.br\/site\/wp-content\/uploads\/2024\/01\/Cadinho_eletrico_eltra-1-150x150.jpg\" class=\"attachment-thumbnail size-thumbnail\" alt=\"Cadinho\" aria-describedby=\"gallery-2-365\" srcset=\"https:\/\/eltra.com.br\/site\/wp-content\/uploads\/2024\/01\/Cadinho_eletrico_eltra-1-150x150.jpg 150w, https:\/\/eltra.com.br\/site\/wp-content\/uploads\/2024\/01\/Cadinho_eletrico_eltra-1-300x300.jpg 300w, https:\/\/eltra.com.br\/site\/wp-content\/uploads\/2024\/01\/Cadinho_eletrico_eltra-1.jpg 768w\" sizes=\"(max-width: 150px) 100vw, 150px\" \/><\/a>\n\t\t\t<\/div>\n\t\t\t\t<figcaption class='wp-caption-text gallery-caption' id='gallery-2-365'>\n\t\t\t\tCadinho\n\t\t\t\t<\/figcaption><\/figure><figure class='gallery-item'>\n\t\t\t<div class='gallery-icon landscape'>\n\t\t\t\t<a data-elementor-open-lightbox=\"yes\" data-elementor-lightbox-slideshow=\"7c6967ef\" data-elementor-lightbox-title=\"Cadinho_eletrico_pelicula\" data-e-action-hash=\"#elementor-action%3Aaction%3Dlightbox%26settings%3DeyJpZCI6MzY2LCJ1cmwiOiJodHRwczpcL1wvZWx0cmEuY29tLmJyXC9zaXRlXC93cC1jb250ZW50XC91cGxvYWRzXC8yMDI0XC8wMVwvQ2FkaW5ob19lbGV0cmljb19wZWxpY3VsYS5qcGciLCJzbGlkZXNob3ciOiI3YzY5NjdlZiJ9\" href='https:\/\/eltra.com.br\/site\/wp-content\/uploads\/2024\/01\/Cadinho_eletrico_pelicula.jpg'><img decoding=\"async\" width=\"150\" height=\"150\" src=\"https:\/\/eltra.com.br\/site\/wp-content\/uploads\/2024\/01\/Cadinho_eletrico_pelicula-150x150.jpg\" class=\"attachment-thumbnail size-thumbnail\" alt=\"ferramentas\" aria-describedby=\"gallery-2-366\" srcset=\"https:\/\/eltra.com.br\/site\/wp-content\/uploads\/2024\/01\/Cadinho_eletrico_pelicula-150x150.jpg 150w, https:\/\/eltra.com.br\/site\/wp-content\/uploads\/2024\/01\/Cadinho_eletrico_pelicula-300x300.jpg 300w, https:\/\/eltra.com.br\/site\/wp-content\/uploads\/2024\/01\/Cadinho_eletrico_pelicula.jpg 768w\" sizes=\"(max-width: 150px) 100vw, 150px\" \/><\/a>\n\t\t\t<\/div>\n\t\t\t\t<figcaption class='wp-caption-text gallery-caption' id='gallery-2-366'>\n\t\t\t\tPel\u00edcula\n\t\t\t\t<\/figcaption><\/figure><figure class='gallery-item'>\n\t\t\t<div class='gallery-icon landscape'>\n\t\t\t\t<a data-elementor-open-lightbox=\"yes\" data-elementor-lightbox-slideshow=\"7c6967ef\" data-elementor-lightbox-title=\"Tabela\" data-e-action-hash=\"#elementor-action%3Aaction%3Dlightbox%26settings%3DeyJpZCI6MzY3LCJ1cmwiOiJodHRwczpcL1wvZWx0cmEuY29tLmJyXC9zaXRlXC93cC1jb250ZW50XC91cGxvYWRzXC8yMDI0XC8wMVwvQ2FkaW5ob190YWJlbGEuanBnIiwic2xpZGVzaG93IjoiN2M2OTY3ZWYifQ%3D%3D\" href='https:\/\/eltra.com.br\/site\/wp-content\/uploads\/2024\/01\/Cadinho_tabela.jpg'><img loading=\"lazy\" decoding=\"async\" width=\"150\" height=\"150\" src=\"https:\/\/eltra.com.br\/site\/wp-content\/uploads\/2024\/01\/Cadinho_tabela-150x150.jpg\" class=\"attachment-thumbnail size-thumbnail\" alt=\"\" aria-describedby=\"gallery-2-367\" srcset=\"https:\/\/eltra.com.br\/site\/wp-content\/uploads\/2024\/01\/Cadinho_tabela-150x150.jpg 150w, https:\/\/eltra.com.br\/site\/wp-content\/uploads\/2024\/01\/Cadinho_tabela-300x300.jpg 300w, https:\/\/eltra.com.br\/site\/wp-content\/uploads\/2024\/01\/Cadinho_tabela.jpg 768w\" sizes=\"(max-width: 150px) 100vw, 150px\" \/><\/a>\n\t\t\t<\/div>\n\t\t\t\t<figcaption class='wp-caption-text gallery-caption' id='gallery-2-367'>\n\t\t\t\tTabela\n\t\t\t\t<\/figcaption><\/figure>\n\t\t<\/div>\n\t\t<\/div>\n\t\t\t\t\t\t<\/div>\n\t\t\t\t<\/div>\n\t\t\t\t\t<\/div>\n\t\t<\/div>\n\t\t\t\t<div class=\"elementor-column elementor-col-50 elementor-inner-column elementor-element elementor-element-29f4b9e1\" data-id=\"29f4b9e1\" data-element_type=\"column\">\n\t\t\t<div class=\"elementor-widget-wrap elementor-element-populated\">\n\t\t\t\t\t\t<div class=\"elementor-element elementor-element-53b06e2b elementor-widget elementor-widget-text-editor\" data-id=\"53b06e2b\" data-element_type=\"widget\" data-widget_type=\"text-editor.default\">\n\t\t\t\t<div class=\"elementor-widget-container\">\n\t\t\t\t\t\t\t\t\t<p><strong>Cadinho el\u00e9trico<\/strong> ELTRA para fus\u00e3o de materiais de baixa temperatura.<\/p><p>Constru\u00eddo em a\u00e7o carbono com controlador de temperatura (50\u00ba a 300\u00baC).<\/p><p>Indicado na fus\u00e3o de cera IPLAS\u00a0 para forma\u00e7\u00e3o de <strong>pel\u00edcula protetora<\/strong>, anticorrosiva em diversas ferramentas, tais como: machos, brocas, bedames, chaves manuais de pequeno porte, etc.<\/p><p>Utilizado, tamb\u00e9m, no derretimento de <strong>parafina, vaselina<\/strong> s\u00f3lida e outros.<\/p>\t\t\t\t\t\t\t\t<\/div>\n\t\t\t\t<\/div>\n\t\t\t\t<div class=\"elementor-element elementor-element-56732aa9 elementor-align-center elementor-widget elementor-widget-button\" data-id=\"56732aa9\" data-element_type=\"widget\" data-widget_type=\"button.default\">\n\t\t\t\t<div class=\"elementor-widget-container\">\n\t\t\t\t\t\t\t\t\t<div class=\"elementor-button-wrapper\">\n\t\t\t\t\t<a class=\"elementor-button elementor-button-link elementor-size-lg\" href=\"https:\/\/wa.me\/5511953905385\">\n\t\t\t\t\t\t<span class=\"elementor-button-content-wrapper\">\n\t\t\t\t\t\t\t\t\t<span class=\"elementor-button-text\">SOLICITAR OR\u00c7AMENTO<\/span>\n\t\t\t\t\t<\/span>\n\t\t\t\t\t<\/a>\n\t\t\t\t<\/div>\n\t\t\t\t\t\t\t\t<\/div>\n\t\t\t\t<\/div>\n\t\t\t\t\t<\/div>\n\t\t<\/div>\n\t\t\t\t\t<\/div>\n\t\t<\/section>\n\t\t\t\t\t<\/div>\n\t\t<\/div>\n\t\t\t\t\t<\/div>\n\t\t<\/section>\n\t\t\t\t<\/div>\n\t\t","protected":false},"excerpt":{"rendered":"<p>Cadinho el\u00e9trico Cadinho Cadinho Pel\u00edcula Tabela Cadinho el\u00e9trico ELTRA para fus\u00e3o de materiais de baixa temperatura. Constru\u00eddo em a\u00e7o carbono com controlador de temperatura (50\u00ba a 300\u00baC). Indicado na fus\u00e3o de cera IPLAS\u00a0 para forma\u00e7\u00e3o de pel\u00edcula protetora, anticorrosiva em diversas ferramentas, tais como: machos, brocas, bedames, chaves manuais de pequeno porte, etc. Utilizado, tamb\u00e9m, [&hellip;]<\/p>\n","protected":false},"author":1,"featured_media":81,"parent":0,"menu_order":0,"comment_status":"closed","ping_status":"closed","template":"","meta":{"site-sidebar-layout":"no-sidebar","site-content-layout":"","ast-site-content-layout":"full-width-container","site-content-style":"default","site-sidebar-style":"default","ast-global-header-display":"","ast-banner-title-visibility":"","ast-main-header-display":"","ast-hfb-above-header-display":"","ast-hfb-below-header-display":"","ast-hfb-mobile-header-display":"","site-post-title":"disabled","ast-breadcrumbs-content":"","ast-featured-img":"disabled","footer-sml-layout":"","ast-disable-related-posts":"","theme-transparent-header-meta":"","adv-header-id-meta":"","stick-header-meta":"","header-above-stick-meta":"","header-main-stick-meta":"","header-below-stick-meta":"","astra-migrate-meta-layouts":"default","ast-page-background-enabled":"default","ast-page-background-meta":{"desktop":{"background-color":"var(--ast-global-color-4)","background-image":"","background-repeat":"repeat","background-position":"center center","background-size":"auto","background-attachment":"scroll","background-type":"","background-media":"","overlay-type":"","overlay-color":"","overlay-opacity":"","overlay-gradient":""},"tablet":{"background-color":"","background-image":"","background-repeat":"repeat","background-position":"center center","background-size":"auto","background-attachment":"scroll","background-type":"","background-media":"","overlay-type":"","overlay-color":"","overlay-opacity":"","overlay-gradient":""},"mobile":{"background-color":"","background-image":"","background-repeat":"repeat","background-position":"center center","background-size":"auto","background-attachment":"scroll","background-type":"","background-media":"","overlay-type":"","overlay-color":"","overlay-opacity":"","overlay-gradient":""}},"ast-content-background-meta":{"desktop":{"background-color":"var(--ast-global-color-5)","background-image":"","background-repeat":"repeat","background-position":"center center","background-size":"auto","background-attachment":"scroll","background-type":"","background-media":"","overlay-type":"","overlay-color":"","overlay-opacity":"","overlay-gradient":""},"tablet":{"background-color":"var(--ast-global-color-5)","background-image":"","background-repeat":"repeat","background-position":"center center","background-size":"auto","background-attachment":"scroll","background-type":"","background-media":"","overlay-type":"","overlay-color":"","overlay-opacity":"","overlay-gradient":""},"mobile":{"background-color":"var(--ast-global-color-5)","background-image":"","background-repeat":"repeat","background-position":"center center","background-size":"auto","background-attachment":"scroll","background-type":"","background-media":"","overlay-type":"","overlay-color":"","overlay-opacity":"","overlay-gradient":""}},"footnotes":""},"class_list":["post-363","page","type-page","status-publish","has-post-thumbnail","hentry"],"_links":{"self":[{"href":"https:\/\/eltra.com.br\/site\/wp-json\/wp\/v2\/pages\/363","targetHints":{"allow":["GET"]}}],"collection":[{"href":"https:\/\/eltra.com.br\/site\/wp-json\/wp\/v2\/pages"}],"about":[{"href":"https:\/\/eltra.com.br\/site\/wp-json\/wp\/v2\/types\/page"}],"author":[{"embeddable":true,"href":"https:\/\/eltra.com.br\/site\/wp-json\/wp\/v2\/users\/1"}],"replies":[{"embeddable":true,"href":"https:\/\/eltra.com.br\/site\/wp-json\/wp\/v2\/comments?post=363"}],"version-history":[{"count":12,"href":"https:\/\/eltra.com.br\/site\/wp-json\/wp\/v2\/pages\/363\/revisions"}],"predecessor-version":[{"id":546,"href":"https:\/\/eltra.com.br\/site\/wp-json\/wp\/v2\/pages\/363\/revisions\/546"}],"wp:featuredmedia":[{"embeddable":true,"href":"https:\/\/eltra.com.br\/site\/wp-json\/wp\/v2\/media\/81"}],"wp:attachment":[{"href":"https:\/\/eltra.com.br\/site\/wp-json\/wp\/v2\/media?parent=363"}],"curies":[{"name":"wp","href":"https:\/\/api.w.org\/{rel}","templated":true}]}}