{"id":377,"date":"2024-01-16T19:29:44","date_gmt":"2024-01-16T19:29:44","guid":{"rendered":"https:\/\/eltra.com.br\/site\/?page_id=377"},"modified":"2024-01-17T01:10:03","modified_gmt":"2024-01-17T01:10:03","slug":"resistencia-eletrica-aletada","status":"publish","type":"page","link":"https:\/\/eltra.com.br\/site\/resistencia-eletrica-aletada\/","title":{"rendered":"Resist\u00eancia el\u00e9trica aletada"},"content":{"rendered":"\t\t<div data-elementor-type=\"wp-page\" data-elementor-id=\"377\" class=\"elementor elementor-377\">\n\t\t\t\t\t\t<section class=\"elementor-section elementor-top-section elementor-element elementor-element-25f4229e elementor-reverse-tablet elementor-reverse-mobile elementor-section-boxed elementor-section-height-default elementor-section-height-default\" data-id=\"25f4229e\" data-element_type=\"section\">\n\t\t\t\t\t\t<div class=\"elementor-container elementor-column-gap-default\">\n\t\t\t\t\t<div class=\"elementor-column elementor-col-100 elementor-top-column elementor-element elementor-element-43a61818\" data-id=\"43a61818\" data-element_type=\"column\">\n\t\t\t<div class=\"elementor-widget-wrap elementor-element-populated\">\n\t\t\t\t\t\t<section class=\"elementor-section elementor-inner-section elementor-element elementor-element-db15659 elementor-section-boxed elementor-section-height-default elementor-section-height-default\" data-id=\"db15659\" data-element_type=\"section\">\n\t\t\t\t\t\t<div class=\"elementor-container elementor-column-gap-default\">\n\t\t\t\t\t<div class=\"elementor-column elementor-col-100 elementor-inner-column elementor-element elementor-element-1a1a60e7\" data-id=\"1a1a60e7\" data-element_type=\"column\">\n\t\t\t<div class=\"elementor-widget-wrap elementor-element-populated\">\n\t\t\t\t\t\t<div class=\"elementor-element elementor-element-2f317174 elementor-widget elementor-widget-heading\" data-id=\"2f317174\" data-element_type=\"widget\" data-widget_type=\"heading.default\">\n\t\t\t\t<div class=\"elementor-widget-container\">\n\t\t\t\t\t<h1 class=\"elementor-heading-title elementor-size-large\">Resist\u00eancia el\u00e9trica aletada<\/h1>\t\t\t\t<\/div>\n\t\t\t\t<\/div>\n\t\t\t\t\t<\/div>\n\t\t<\/div>\n\t\t\t\t\t<\/div>\n\t\t<\/section>\n\t\t\t\t<section class=\"elementor-section elementor-inner-section elementor-element elementor-element-66067632 elementor-section-boxed elementor-section-height-default elementor-section-height-default\" data-id=\"66067632\" data-element_type=\"section\">\n\t\t\t\t\t\t<div class=\"elementor-container elementor-column-gap-default\">\n\t\t\t\t\t<div class=\"elementor-column elementor-col-50 elementor-inner-column elementor-element elementor-element-60e84ff1\" data-id=\"60e84ff1\" data-element_type=\"column\">\n\t\t\t<div class=\"elementor-widget-wrap elementor-element-populated\">\n\t\t\t\t\t\t<div class=\"elementor-element elementor-element-619bb07a e-transform elementor-hidden-mobile elementor-widget elementor-widget-image-gallery\" data-id=\"619bb07a\" data-element_type=\"widget\" data-settings=\"{&quot;_transform_scale_effect&quot;:{&quot;unit&quot;:&quot;px&quot;,&quot;size&quot;:&quot;&quot;,&quot;sizes&quot;:[]},&quot;_transform_scale_effect_tablet&quot;:{&quot;unit&quot;:&quot;px&quot;,&quot;size&quot;:&quot;&quot;,&quot;sizes&quot;:[]},&quot;_transform_scale_effect_mobile&quot;:{&quot;unit&quot;:&quot;px&quot;,&quot;size&quot;:&quot;&quot;,&quot;sizes&quot;:[]}}\" data-widget_type=\"image-gallery.default\">\n\t\t\t\t<div class=\"elementor-widget-container\">\n\t\t\t\t\t\t\t<div class=\"elementor-image-gallery\">\n\t\t\t<div id='gallery-1' class='gallery galleryid-377 gallery-columns-1 gallery-size-medium'><figure class='gallery-item'>\n\t\t\t<div class='gallery-icon landscape'>\n\t\t\t\t<a data-elementor-open-lightbox=\"yes\" data-elementor-lightbox-slideshow=\"619bb07a\" data-elementor-lightbox-title=\"resistencia_eletrica_aletada\" data-e-action-hash=\"#elementor-action%3Aaction%3Dlightbox%26settings%3DeyJpZCI6Mzc4LCJ1cmwiOiJodHRwczpcL1wvZWx0cmEuY29tLmJyXC9zaXRlXC93cC1jb250ZW50XC91cGxvYWRzXC8yMDI0XC8wMVwvcmVzaXN0ZW5jaWFfZWxldHJpY2FfYWxldGFkYS5qcGciLCJzbGlkZXNob3ciOiI2MTliYjA3YSJ9\" href='https:\/\/eltra.com.br\/site\/wp-content\/uploads\/2024\/01\/resistencia_eletrica_aletada.jpg'><img fetchpriority=\"high\" decoding=\"async\" width=\"300\" height=\"300\" src=\"https:\/\/eltra.com.br\/site\/wp-content\/uploads\/2024\/01\/resistencia_eletrica_aletada-300x300.jpg\" class=\"attachment-medium size-medium\" alt=\"Medida\" aria-describedby=\"gallery-1-378\" srcset=\"https:\/\/eltra.com.br\/site\/wp-content\/uploads\/2024\/01\/resistencia_eletrica_aletada-300x300.jpg 300w, https:\/\/eltra.com.br\/site\/wp-content\/uploads\/2024\/01\/resistencia_eletrica_aletada-150x150.jpg 150w, https:\/\/eltra.com.br\/site\/wp-content\/uploads\/2024\/01\/resistencia_eletrica_aletada.jpg 768w\" sizes=\"(max-width: 300px) 100vw, 300px\" \/><\/a>\n\t\t\t<\/div>\n\t\t\t\t<figcaption class='wp-caption-text gallery-caption' id='gallery-1-378'>\n\t\t\t\tMedida\n\t\t\t\t<\/figcaption><\/figure>\n\t\t<\/div>\n\t\t<\/div>\n\t\t\t\t\t\t<\/div>\n\t\t\t\t<\/div>\n\t\t\t\t<div class=\"elementor-element elementor-element-5351b2eb gallery-spacing-custom elementor-widget elementor-widget-image-gallery\" data-id=\"5351b2eb\" data-element_type=\"widget\" data-widget_type=\"image-gallery.default\">\n\t\t\t\t<div class=\"elementor-widget-container\">\n\t\t\t\t\t\t\t<div class=\"elementor-image-gallery\">\n\t\t\t<div id='gallery-2' class='gallery galleryid-377 gallery-columns-3 gallery-size-thumbnail'><figure class='gallery-item'>\n\t\t\t<div class='gallery-icon landscape'>\n\t\t\t\t<a data-elementor-open-lightbox=\"yes\" data-elementor-lightbox-slideshow=\"5351b2eb\" data-elementor-lightbox-title=\"resistencia_eletrica_aletada\" data-e-action-hash=\"#elementor-action%3Aaction%3Dlightbox%26settings%3DeyJpZCI6Mzc4LCJ1cmwiOiJodHRwczpcL1wvZWx0cmEuY29tLmJyXC9zaXRlXC93cC1jb250ZW50XC91cGxvYWRzXC8yMDI0XC8wMVwvcmVzaXN0ZW5jaWFfZWxldHJpY2FfYWxldGFkYS5qcGciLCJzbGlkZXNob3ciOiI1MzUxYjJlYiJ9\" href='https:\/\/eltra.com.br\/site\/wp-content\/uploads\/2024\/01\/resistencia_eletrica_aletada.jpg'><img decoding=\"async\" width=\"150\" height=\"150\" src=\"https:\/\/eltra.com.br\/site\/wp-content\/uploads\/2024\/01\/resistencia_eletrica_aletada-150x150.jpg\" class=\"attachment-thumbnail size-thumbnail\" alt=\"Medida\" aria-describedby=\"gallery-2-378\" srcset=\"https:\/\/eltra.com.br\/site\/wp-content\/uploads\/2024\/01\/resistencia_eletrica_aletada-150x150.jpg 150w, https:\/\/eltra.com.br\/site\/wp-content\/uploads\/2024\/01\/resistencia_eletrica_aletada-300x300.jpg 300w, https:\/\/eltra.com.br\/site\/wp-content\/uploads\/2024\/01\/resistencia_eletrica_aletada.jpg 768w\" sizes=\"(max-width: 150px) 100vw, 150px\" \/><\/a>\n\t\t\t<\/div>\n\t\t\t\t<figcaption class='wp-caption-text gallery-caption' id='gallery-2-378'>\n\t\t\t\tMedida\n\t\t\t\t<\/figcaption><\/figure><figure class='gallery-item'>\n\t\t\t<div class='gallery-icon landscape'>\n\t\t\t\t<a data-elementor-open-lightbox=\"yes\" data-elementor-lightbox-slideshow=\"5351b2eb\" data-elementor-lightbox-title=\"resistencia_eletrica_aletada_3wcm_tabela\" data-e-action-hash=\"#elementor-action%3Aaction%3Dlightbox%26settings%3DeyJpZCI6Mzc5LCJ1cmwiOiJodHRwczpcL1wvZWx0cmEuY29tLmJyXC9zaXRlXC93cC1jb250ZW50XC91cGxvYWRzXC8yMDI0XC8wMVwvcmVzaXN0ZW5jaWFfZWxldHJpY2FfYWxldGFkYV8zd2NtX3RhYmVsYS5qcGciLCJzbGlkZXNob3ciOiI1MzUxYjJlYiJ9\" href='https:\/\/eltra.com.br\/site\/wp-content\/uploads\/2024\/01\/resistencia_eletrica_aletada_3wcm_tabela.jpg'><img decoding=\"async\" width=\"150\" height=\"150\" src=\"https:\/\/eltra.com.br\/site\/wp-content\/uploads\/2024\/01\/resistencia_eletrica_aletada_3wcm_tabela-150x150.jpg\" class=\"attachment-thumbnail size-thumbnail\" alt=\"Tabela\" aria-describedby=\"gallery-2-379\" srcset=\"https:\/\/eltra.com.br\/site\/wp-content\/uploads\/2024\/01\/resistencia_eletrica_aletada_3wcm_tabela-150x150.jpg 150w, https:\/\/eltra.com.br\/site\/wp-content\/uploads\/2024\/01\/resistencia_eletrica_aletada_3wcm_tabela-300x300.jpg 300w, https:\/\/eltra.com.br\/site\/wp-content\/uploads\/2024\/01\/resistencia_eletrica_aletada_3wcm_tabela.jpg 768w\" sizes=\"(max-width: 150px) 100vw, 150px\" \/><\/a>\n\t\t\t<\/div>\n\t\t\t\t<figcaption class='wp-caption-text gallery-caption' id='gallery-2-379'>\n\t\t\t\tDissipa\u00e7\u00e3o 3w\/cm\u00b2\n\t\t\t\t<\/figcaption><\/figure><figure class='gallery-item'>\n\t\t\t<div class='gallery-icon landscape'>\n\t\t\t\t<a data-elementor-open-lightbox=\"yes\" data-elementor-lightbox-slideshow=\"5351b2eb\" data-elementor-lightbox-title=\"resistencia_eletrica_aletada_11wcm_tabela\" data-e-action-hash=\"#elementor-action%3Aaction%3Dlightbox%26settings%3DeyJpZCI6MzgwLCJ1cmwiOiJodHRwczpcL1wvZWx0cmEuY29tLmJyXC9zaXRlXC93cC1jb250ZW50XC91cGxvYWRzXC8yMDI0XC8wMVwvcmVzaXN0ZW5jaWFfZWxldHJpY2FfYWxldGFkYV8xMXdjbV90YWJlbGEuanBnIiwic2xpZGVzaG93IjoiNTM1MWIyZWIifQ%3D%3D\" href='https:\/\/eltra.com.br\/site\/wp-content\/uploads\/2024\/01\/resistencia_eletrica_aletada_11wcm_tabela.jpg'><img loading=\"lazy\" decoding=\"async\" width=\"150\" height=\"150\" src=\"https:\/\/eltra.com.br\/site\/wp-content\/uploads\/2024\/01\/resistencia_eletrica_aletada_11wcm_tabela-150x150.jpg\" class=\"attachment-thumbnail size-thumbnail\" alt=\"Tabela\" aria-describedby=\"gallery-2-380\" srcset=\"https:\/\/eltra.com.br\/site\/wp-content\/uploads\/2024\/01\/resistencia_eletrica_aletada_11wcm_tabela-150x150.jpg 150w, https:\/\/eltra.com.br\/site\/wp-content\/uploads\/2024\/01\/resistencia_eletrica_aletada_11wcm_tabela-300x300.jpg 300w, https:\/\/eltra.com.br\/site\/wp-content\/uploads\/2024\/01\/resistencia_eletrica_aletada_11wcm_tabela.jpg 768w\" sizes=\"(max-width: 150px) 100vw, 150px\" \/><\/a>\n\t\t\t<\/div>\n\t\t\t\t<figcaption class='wp-caption-text gallery-caption' id='gallery-2-380'>\n\t\t\t\tDissipa\u00e7\u00e3o 6w\/cm\u00b2\n\t\t\t\t<\/figcaption><\/figure>\n\t\t<\/div>\n\t\t<\/div>\n\t\t\t\t\t\t<\/div>\n\t\t\t\t<\/div>\n\t\t\t\t\t<\/div>\n\t\t<\/div>\n\t\t\t\t<div class=\"elementor-column elementor-col-50 elementor-inner-column elementor-element elementor-element-31a131da\" data-id=\"31a131da\" data-element_type=\"column\">\n\t\t\t<div class=\"elementor-widget-wrap elementor-element-populated\">\n\t\t\t\t\t\t<div class=\"elementor-element elementor-element-2216e71c elementor-widget elementor-widget-text-editor\" data-id=\"2216e71c\" data-element_type=\"widget\" data-widget_type=\"text-editor.default\">\n\t\t\t\t<div class=\"elementor-widget-container\">\n\t\t\t\t\t\t\t\t\t<p><strong>Resist\u00eancia el\u00e9trica tubular<\/strong> ELTRA blindada em tubo de a\u00e7o inox aisi 304, \u00f8 8,5mm ou \u00f8 11mm.<\/p>\n<p>Com aleta de a\u00e7o carbono ou a\u00e7o inox. Especial para&nbsp;<strong>aquecimento de ar for\u00e7ado<\/strong> em duto, condicionador,&nbsp;<strong>m\u00e1quina de panifica\u00e7\u00e3o<\/strong>,<strong> estufa industrial<\/strong>, etc.<\/p>\n<p>Temperatura m\u00e1xima superficial 400\u00ba mediante consulta.<\/p>\t\t\t\t\t\t\t\t<\/div>\n\t\t\t\t<\/div>\n\t\t\t\t<div class=\"elementor-element elementor-element-9d6c84a elementor-align-center elementor-widget elementor-widget-button\" data-id=\"9d6c84a\" data-element_type=\"widget\" data-widget_type=\"button.default\">\n\t\t\t\t<div class=\"elementor-widget-container\">\n\t\t\t\t\t\t\t\t\t<div class=\"elementor-button-wrapper\">\n\t\t\t\t\t<a class=\"elementor-button elementor-button-link elementor-size-lg\" href=\"https:\/\/wa.me\/5511953905385\">\n\t\t\t\t\t\t<span class=\"elementor-button-content-wrapper\">\n\t\t\t\t\t\t\t\t\t<span class=\"elementor-button-text\">SOLICITAR OR\u00c7AMENTO<\/span>\n\t\t\t\t\t<\/span>\n\t\t\t\t\t<\/a>\n\t\t\t\t<\/div>\n\t\t\t\t\t\t\t\t<\/div>\n\t\t\t\t<\/div>\n\t\t\t\t\t<\/div>\n\t\t<\/div>\n\t\t\t\t\t<\/div>\n\t\t<\/section>\n\t\t\t\t\t<\/div>\n\t\t<\/div>\n\t\t\t\t\t<\/div>\n\t\t<\/section>\n\t\t\t\t<\/div>\n\t\t","protected":false},"excerpt":{"rendered":"<p>Resist\u00eancia el\u00e9trica aletada Medida Medida Dissipa\u00e7\u00e3o 3w\/cm\u00b2 Dissipa\u00e7\u00e3o 6w\/cm\u00b2 Resist\u00eancia el\u00e9trica tubular ELTRA blindada em tubo de a\u00e7o inox aisi 304, \u00f8 8,5mm ou \u00f8 11mm. Com aleta de a\u00e7o carbono ou a\u00e7o inox. Especial para&nbsp;aquecimento de ar for\u00e7ado em duto, condicionador,&nbsp;m\u00e1quina de panifica\u00e7\u00e3o, estufa industrial, etc. Temperatura m\u00e1xima superficial 400\u00ba mediante consulta. SOLICITAR OR\u00c7AMENTO<\/p>\n","protected":false},"author":1,"featured_media":0,"parent":0,"menu_order":0,"comment_status":"closed","ping_status":"closed","template":"","meta":{"site-sidebar-layout":"no-sidebar","site-content-layout":"","ast-site-content-layout":"full-width-container","site-content-style":"default","site-sidebar-style":"default","ast-global-header-display":"","ast-banner-title-visibility":"","ast-main-header-display":"","ast-hfb-above-header-display":"","ast-hfb-below-header-display":"","ast-hfb-mobile-header-display":"","site-post-title":"disabled","ast-breadcrumbs-content":"","ast-featured-img":"disabled","footer-sml-layout":"","ast-disable-related-posts":"","theme-transparent-header-meta":"","adv-header-id-meta":"","stick-header-meta":"","header-above-stick-meta":"","header-main-stick-meta":"","header-below-stick-meta":"","astra-migrate-meta-layouts":"default","ast-page-background-enabled":"default","ast-page-background-meta":{"desktop":{"background-color":"var(--ast-global-color-4)","background-image":"","background-repeat":"repeat","background-position":"center center","background-size":"auto","background-attachment":"scroll","background-type":"","background-media":"","overlay-type":"","overlay-color":"","overlay-opacity":"","overlay-gradient":""},"tablet":{"background-color":"","background-image":"","background-repeat":"repeat","background-position":"center center","background-size":"auto","background-attachment":"scroll","background-type":"","background-media":"","overlay-type":"","overlay-color":"","overlay-opacity":"","overlay-gradient":""},"mobile":{"background-color":"","background-image":"","background-repeat":"repeat","background-position":"center center","background-size":"auto","background-attachment":"scroll","background-type":"","background-media":"","overlay-type":"","overlay-color":"","overlay-opacity":"","overlay-gradient":""}},"ast-content-background-meta":{"desktop":{"background-color":"var(--ast-global-color-5)","background-image":"","background-repeat":"repeat","background-position":"center center","background-size":"auto","background-attachment":"scroll","background-type":"","background-media":"","overlay-type":"","overlay-color":"","overlay-opacity":"","overlay-gradient":""},"tablet":{"background-color":"var(--ast-global-color-5)","background-image":"","background-repeat":"repeat","background-position":"center center","background-size":"auto","background-attachment":"scroll","background-type":"","background-media":"","overlay-type":"","overlay-color":"","overlay-opacity":"","overlay-gradient":""},"mobile":{"background-color":"var(--ast-global-color-5)","background-image":"","background-repeat":"repeat","background-position":"center center","background-size":"auto","background-attachment":"scroll","background-type":"","background-media":"","overlay-type":"","overlay-color":"","overlay-opacity":"","overlay-gradient":""}},"footnotes":""},"class_list":["post-377","page","type-page","status-publish","hentry"],"_links":{"self":[{"href":"https:\/\/eltra.com.br\/site\/wp-json\/wp\/v2\/pages\/377","targetHints":{"allow":["GET"]}}],"collection":[{"href":"https:\/\/eltra.com.br\/site\/wp-json\/wp\/v2\/pages"}],"about":[{"href":"https:\/\/eltra.com.br\/site\/wp-json\/wp\/v2\/types\/page"}],"author":[{"embeddable":true,"href":"https:\/\/eltra.com.br\/site\/wp-json\/wp\/v2\/users\/1"}],"replies":[{"embeddable":true,"href":"https:\/\/eltra.com.br\/site\/wp-json\/wp\/v2\/comments?post=377"}],"version-history":[{"count":6,"href":"https:\/\/eltra.com.br\/site\/wp-json\/wp\/v2\/pages\/377\/revisions"}],"predecessor-version":[{"id":549,"href":"https:\/\/eltra.com.br\/site\/wp-json\/wp\/v2\/pages\/377\/revisions\/549"}],"wp:attachment":[{"href":"https:\/\/eltra.com.br\/site\/wp-json\/wp\/v2\/media?parent=377"}],"curies":[{"name":"wp","href":"https:\/\/api.w.org\/{rel}","templated":true}]}}