{"id":463,"date":"2024-01-16T22:36:16","date_gmt":"2024-01-16T22:36:16","guid":{"rendered":"https:\/\/eltra.com.br\/site\/?page_id=463"},"modified":"2024-01-17T01:27:27","modified_gmt":"2024-01-17T01:27:27","slug":"resistencia-eletrica-fritador","status":"publish","type":"page","link":"https:\/\/eltra.com.br\/site\/resistencia-eletrica-fritador\/","title":{"rendered":"Resist\u00eancia el\u00e9trica fritador"},"content":{"rendered":"\t\t<div data-elementor-type=\"wp-page\" data-elementor-id=\"463\" class=\"elementor elementor-463\">\n\t\t\t\t\t\t<section class=\"elementor-section elementor-top-section elementor-element elementor-element-21cdfaf8 elementor-reverse-tablet elementor-reverse-mobile elementor-section-boxed elementor-section-height-default elementor-section-height-default\" data-id=\"21cdfaf8\" data-element_type=\"section\">\n\t\t\t\t\t\t<div class=\"elementor-container elementor-column-gap-default\">\n\t\t\t\t\t<div class=\"elementor-column elementor-col-100 elementor-top-column elementor-element elementor-element-680d68a5\" data-id=\"680d68a5\" data-element_type=\"column\">\n\t\t\t<div class=\"elementor-widget-wrap elementor-element-populated\">\n\t\t\t\t\t\t<section class=\"elementor-section elementor-inner-section elementor-element elementor-element-2b8e7a4e elementor-section-boxed elementor-section-height-default elementor-section-height-default\" data-id=\"2b8e7a4e\" data-element_type=\"section\">\n\t\t\t\t\t\t<div class=\"elementor-container elementor-column-gap-default\">\n\t\t\t\t\t<div class=\"elementor-column elementor-col-100 elementor-inner-column elementor-element elementor-element-47fae3f5\" data-id=\"47fae3f5\" data-element_type=\"column\">\n\t\t\t<div class=\"elementor-widget-wrap elementor-element-populated\">\n\t\t\t\t\t\t<div class=\"elementor-element elementor-element-23253d99 elementor-widget elementor-widget-heading\" data-id=\"23253d99\" data-element_type=\"widget\" data-widget_type=\"heading.default\">\n\t\t\t\t<div class=\"elementor-widget-container\">\n\t\t\t\t\t<h1 class=\"elementor-heading-title elementor-size-large\">Resist\u00eancia el\u00e9trica fritador<\/h1>\t\t\t\t<\/div>\n\t\t\t\t<\/div>\n\t\t\t\t\t<\/div>\n\t\t<\/div>\n\t\t\t\t\t<\/div>\n\t\t<\/section>\n\t\t\t\t<section class=\"elementor-section elementor-inner-section elementor-element elementor-element-5b478653 elementor-section-boxed elementor-section-height-default elementor-section-height-default\" data-id=\"5b478653\" data-element_type=\"section\">\n\t\t\t\t\t\t<div class=\"elementor-container elementor-column-gap-default\">\n\t\t\t\t\t<div class=\"elementor-column elementor-col-50 elementor-inner-column elementor-element elementor-element-6280169f\" data-id=\"6280169f\" data-element_type=\"column\">\n\t\t\t<div class=\"elementor-widget-wrap elementor-element-populated\">\n\t\t\t\t\t\t<div class=\"elementor-element elementor-element-72857b3 e-transform elementor-hidden-mobile elementor-widget elementor-widget-image-gallery\" data-id=\"72857b3\" data-element_type=\"widget\" data-settings=\"{&quot;_transform_scale_effect&quot;:{&quot;unit&quot;:&quot;px&quot;,&quot;size&quot;:&quot;&quot;,&quot;sizes&quot;:[]},&quot;_transform_scale_effect_tablet&quot;:{&quot;unit&quot;:&quot;px&quot;,&quot;size&quot;:&quot;&quot;,&quot;sizes&quot;:[]},&quot;_transform_scale_effect_mobile&quot;:{&quot;unit&quot;:&quot;px&quot;,&quot;size&quot;:&quot;&quot;,&quot;sizes&quot;:[]}}\" data-widget_type=\"image-gallery.default\">\n\t\t\t\t<div class=\"elementor-widget-container\">\n\t\t\t\t\t\t\t<div class=\"elementor-image-gallery\">\n\t\t\t<div id='gallery-1' class='gallery galleryid-463 gallery-columns-1 gallery-size-medium'><figure class='gallery-item'>\n\t\t\t<div class='gallery-icon landscape'>\n\t\t\t\t<a data-elementor-open-lightbox=\"yes\" data-elementor-lightbox-slideshow=\"72857b3\" data-elementor-lightbox-title=\"resistencia_eletrica_fritador_14617\" data-e-action-hash=\"#elementor-action%3Aaction%3Dlightbox%26settings%3DeyJpZCI6NDcxLCJ1cmwiOiJodHRwczpcL1wvZWx0cmEuY29tLmJyXC9zaXRlXC93cC1jb250ZW50XC91cGxvYWRzXC8yMDI0XC8wMVwvcmVzaXN0ZW5jaWFfZWxldHJpY2FfZnJpdGFkb3JfMTQ2MTcuanBnIiwic2xpZGVzaG93IjoiNzI4NTdiMyJ9\" href='https:\/\/eltra.com.br\/site\/wp-content\/uploads\/2024\/01\/resistencia_eletrica_fritador_14617.jpg'><img fetchpriority=\"high\" decoding=\"async\" width=\"300\" height=\"300\" src=\"https:\/\/eltra.com.br\/site\/wp-content\/uploads\/2024\/01\/resistencia_eletrica_fritador_14617-300x300.jpg\" class=\"attachment-medium size-medium\" alt=\"Desenho da resist\u00eancia\" aria-describedby=\"gallery-1-471\" srcset=\"https:\/\/eltra.com.br\/site\/wp-content\/uploads\/2024\/01\/resistencia_eletrica_fritador_14617-300x300.jpg 300w, https:\/\/eltra.com.br\/site\/wp-content\/uploads\/2024\/01\/resistencia_eletrica_fritador_14617-150x150.jpg 150w, https:\/\/eltra.com.br\/site\/wp-content\/uploads\/2024\/01\/resistencia_eletrica_fritador_14617.jpg 768w\" sizes=\"(max-width: 300px) 100vw, 300px\" \/><\/a>\n\t\t\t<\/div>\n\t\t\t\t<figcaption class='wp-caption-text gallery-caption' id='gallery-1-471'>\n\t\t\t\tC\u00f3digo 14617\n\t\t\t\t<\/figcaption><\/figure>\n\t\t<\/div>\n\t\t<\/div>\n\t\t\t\t\t\t<\/div>\n\t\t\t\t<\/div>\n\t\t\t\t<div class=\"elementor-element elementor-element-7ad1ac1e gallery-spacing-custom elementor-widget elementor-widget-image-gallery\" data-id=\"7ad1ac1e\" data-element_type=\"widget\" data-widget_type=\"image-gallery.default\">\n\t\t\t\t<div class=\"elementor-widget-container\">\n\t\t\t\t\t\t\t<div class=\"elementor-image-gallery\">\n\t\t\t<div id='gallery-2' class='gallery galleryid-463 gallery-columns-4 gallery-size-thumbnail'><figure class='gallery-item'>\n\t\t\t<div class='gallery-icon landscape'>\n\t\t\t\t<a data-elementor-open-lightbox=\"yes\" data-elementor-lightbox-slideshow=\"7ad1ac1e\" data-elementor-lightbox-title=\"resistencia_eletrica_fritador_14617\" data-e-action-hash=\"#elementor-action%3Aaction%3Dlightbox%26settings%3DeyJpZCI6NDcxLCJ1cmwiOiJodHRwczpcL1wvZWx0cmEuY29tLmJyXC9zaXRlXC93cC1jb250ZW50XC91cGxvYWRzXC8yMDI0XC8wMVwvcmVzaXN0ZW5jaWFfZWxldHJpY2FfZnJpdGFkb3JfMTQ2MTcuanBnIiwic2xpZGVzaG93IjoiN2FkMWFjMWUifQ%3D%3D\" href='https:\/\/eltra.com.br\/site\/wp-content\/uploads\/2024\/01\/resistencia_eletrica_fritador_14617.jpg'><img decoding=\"async\" width=\"150\" height=\"150\" src=\"https:\/\/eltra.com.br\/site\/wp-content\/uploads\/2024\/01\/resistencia_eletrica_fritador_14617-150x150.jpg\" class=\"attachment-thumbnail size-thumbnail\" alt=\"Desenho da resist\u00eancia\" aria-describedby=\"gallery-2-471\" srcset=\"https:\/\/eltra.com.br\/site\/wp-content\/uploads\/2024\/01\/resistencia_eletrica_fritador_14617-150x150.jpg 150w, https:\/\/eltra.com.br\/site\/wp-content\/uploads\/2024\/01\/resistencia_eletrica_fritador_14617-300x300.jpg 300w, https:\/\/eltra.com.br\/site\/wp-content\/uploads\/2024\/01\/resistencia_eletrica_fritador_14617.jpg 768w\" sizes=\"(max-width: 150px) 100vw, 150px\" \/><\/a>\n\t\t\t<\/div>\n\t\t\t\t<figcaption class='wp-caption-text gallery-caption' id='gallery-2-471'>\n\t\t\t\tC\u00f3digo 14617\n\t\t\t\t<\/figcaption><\/figure><figure class='gallery-item'>\n\t\t\t<div class='gallery-icon landscape'>\n\t\t\t\t<a data-elementor-open-lightbox=\"yes\" data-elementor-lightbox-slideshow=\"7ad1ac1e\" data-elementor-lightbox-title=\"resistencia_eletrica_fritador_305\" data-e-action-hash=\"#elementor-action%3Aaction%3Dlightbox%26settings%3DeyJpZCI6NDY1LCJ1cmwiOiJodHRwczpcL1wvZWx0cmEuY29tLmJyXC9zaXRlXC93cC1jb250ZW50XC91cGxvYWRzXC8yMDI0XC8wMVwvcmVzaXN0ZW5jaWFfZWxldHJpY2FfZnJpdGFkb3JfMzA1LmpwZyIsInNsaWRlc2hvdyI6IjdhZDFhYzFlIn0%3D\" href='https:\/\/eltra.com.br\/site\/wp-content\/uploads\/2024\/01\/resistencia_eletrica_fritador_305.jpg'><img decoding=\"async\" width=\"150\" height=\"150\" src=\"https:\/\/eltra.com.br\/site\/wp-content\/uploads\/2024\/01\/resistencia_eletrica_fritador_305-150x150.jpg\" class=\"attachment-thumbnail size-thumbnail\" alt=\"\" aria-describedby=\"gallery-2-465\" srcset=\"https:\/\/eltra.com.br\/site\/wp-content\/uploads\/2024\/01\/resistencia_eletrica_fritador_305-150x150.jpg 150w, https:\/\/eltra.com.br\/site\/wp-content\/uploads\/2024\/01\/resistencia_eletrica_fritador_305-300x300.jpg 300w, https:\/\/eltra.com.br\/site\/wp-content\/uploads\/2024\/01\/resistencia_eletrica_fritador_305.jpg 768w\" sizes=\"(max-width: 150px) 100vw, 150px\" \/><\/a>\n\t\t\t<\/div>\n\t\t\t\t<figcaption class='wp-caption-text gallery-caption' id='gallery-2-465'>\n\t\t\t\tC\u00f3digo 305\n\t\t\t\t<\/figcaption><\/figure><figure class='gallery-item'>\n\t\t\t<div class='gallery-icon landscape'>\n\t\t\t\t<a data-elementor-open-lightbox=\"yes\" data-elementor-lightbox-slideshow=\"7ad1ac1e\" data-elementor-lightbox-title=\"resistencia_eletrica_fritador_306\" data-e-action-hash=\"#elementor-action%3Aaction%3Dlightbox%26settings%3DeyJpZCI6NDY2LCJ1cmwiOiJodHRwczpcL1wvZWx0cmEuY29tLmJyXC9zaXRlXC93cC1jb250ZW50XC91cGxvYWRzXC8yMDI0XC8wMVwvcmVzaXN0ZW5jaWFfZWxldHJpY2FfZnJpdGFkb3JfMzA2LmpwZyIsInNsaWRlc2hvdyI6IjdhZDFhYzFlIn0%3D\" href='https:\/\/eltra.com.br\/site\/wp-content\/uploads\/2024\/01\/resistencia_eletrica_fritador_306.jpg'><img loading=\"lazy\" decoding=\"async\" width=\"150\" height=\"150\" src=\"https:\/\/eltra.com.br\/site\/wp-content\/uploads\/2024\/01\/resistencia_eletrica_fritador_306-150x150.jpg\" class=\"attachment-thumbnail size-thumbnail\" alt=\"\" aria-describedby=\"gallery-2-466\" srcset=\"https:\/\/eltra.com.br\/site\/wp-content\/uploads\/2024\/01\/resistencia_eletrica_fritador_306-150x150.jpg 150w, https:\/\/eltra.com.br\/site\/wp-content\/uploads\/2024\/01\/resistencia_eletrica_fritador_306-300x300.jpg 300w, https:\/\/eltra.com.br\/site\/wp-content\/uploads\/2024\/01\/resistencia_eletrica_fritador_306.jpg 768w\" sizes=\"(max-width: 150px) 100vw, 150px\" \/><\/a>\n\t\t\t<\/div>\n\t\t\t\t<figcaption class='wp-caption-text gallery-caption' id='gallery-2-466'>\n\t\t\t\tC\u00f3digo 306\n\t\t\t\t<\/figcaption><\/figure><figure class='gallery-item'>\n\t\t\t<div class='gallery-icon landscape'>\n\t\t\t\t<a data-elementor-open-lightbox=\"yes\" data-elementor-lightbox-slideshow=\"7ad1ac1e\" data-elementor-lightbox-title=\"resistencia_eletrica_fritador_411\" data-e-action-hash=\"#elementor-action%3Aaction%3Dlightbox%26settings%3DeyJpZCI6NDY3LCJ1cmwiOiJodHRwczpcL1wvZWx0cmEuY29tLmJyXC9zaXRlXC93cC1jb250ZW50XC91cGxvYWRzXC8yMDI0XC8wMVwvcmVzaXN0ZW5jaWFfZWxldHJpY2FfZnJpdGFkb3JfNDExLmpwZyIsInNsaWRlc2hvdyI6IjdhZDFhYzFlIn0%3D\" href='https:\/\/eltra.com.br\/site\/wp-content\/uploads\/2024\/01\/resistencia_eletrica_fritador_411.jpg'><img loading=\"lazy\" decoding=\"async\" width=\"150\" height=\"150\" src=\"https:\/\/eltra.com.br\/site\/wp-content\/uploads\/2024\/01\/resistencia_eletrica_fritador_411-150x150.jpg\" class=\"attachment-thumbnail size-thumbnail\" alt=\"\" aria-describedby=\"gallery-2-467\" srcset=\"https:\/\/eltra.com.br\/site\/wp-content\/uploads\/2024\/01\/resistencia_eletrica_fritador_411-150x150.jpg 150w, https:\/\/eltra.com.br\/site\/wp-content\/uploads\/2024\/01\/resistencia_eletrica_fritador_411-300x300.jpg 300w, https:\/\/eltra.com.br\/site\/wp-content\/uploads\/2024\/01\/resistencia_eletrica_fritador_411.jpg 768w\" sizes=\"(max-width: 150px) 100vw, 150px\" \/><\/a>\n\t\t\t<\/div>\n\t\t\t\t<figcaption class='wp-caption-text gallery-caption' id='gallery-2-467'>\n\t\t\t\tC\u00f3digo 411\n\t\t\t\t<\/figcaption><\/figure><figure class='gallery-item'>\n\t\t\t<div class='gallery-icon landscape'>\n\t\t\t\t<a data-elementor-open-lightbox=\"yes\" data-elementor-lightbox-slideshow=\"7ad1ac1e\" data-elementor-lightbox-title=\"resistencia_eletrica_fritador_3287\" data-e-action-hash=\"#elementor-action%3Aaction%3Dlightbox%26settings%3DeyJpZCI6NDY4LCJ1cmwiOiJodHRwczpcL1wvZWx0cmEuY29tLmJyXC9zaXRlXC93cC1jb250ZW50XC91cGxvYWRzXC8yMDI0XC8wMVwvcmVzaXN0ZW5jaWFfZWxldHJpY2FfZnJpdGFkb3JfMzI4Ny5qcGciLCJzbGlkZXNob3ciOiI3YWQxYWMxZSJ9\" href='https:\/\/eltra.com.br\/site\/wp-content\/uploads\/2024\/01\/resistencia_eletrica_fritador_3287.jpg'><img loading=\"lazy\" decoding=\"async\" width=\"150\" height=\"150\" src=\"https:\/\/eltra.com.br\/site\/wp-content\/uploads\/2024\/01\/resistencia_eletrica_fritador_3287-150x150.jpg\" class=\"attachment-thumbnail size-thumbnail\" alt=\"\" aria-describedby=\"gallery-2-468\" srcset=\"https:\/\/eltra.com.br\/site\/wp-content\/uploads\/2024\/01\/resistencia_eletrica_fritador_3287-150x150.jpg 150w, https:\/\/eltra.com.br\/site\/wp-content\/uploads\/2024\/01\/resistencia_eletrica_fritador_3287-300x300.jpg 300w, https:\/\/eltra.com.br\/site\/wp-content\/uploads\/2024\/01\/resistencia_eletrica_fritador_3287.jpg 768w\" sizes=\"(max-width: 150px) 100vw, 150px\" \/><\/a>\n\t\t\t<\/div>\n\t\t\t\t<figcaption class='wp-caption-text gallery-caption' id='gallery-2-468'>\n\t\t\t\tC\u00f3digo 3287\n\t\t\t\t<\/figcaption><\/figure><figure class='gallery-item'>\n\t\t\t<div class='gallery-icon landscape'>\n\t\t\t\t<a data-elementor-open-lightbox=\"yes\" data-elementor-lightbox-slideshow=\"7ad1ac1e\" data-elementor-lightbox-title=\"resistencia_eletrica_fritador_7815\" data-e-action-hash=\"#elementor-action%3Aaction%3Dlightbox%26settings%3DeyJpZCI6NDY5LCJ1cmwiOiJodHRwczpcL1wvZWx0cmEuY29tLmJyXC9zaXRlXC93cC1jb250ZW50XC91cGxvYWRzXC8yMDI0XC8wMVwvcmVzaXN0ZW5jaWFfZWxldHJpY2FfZnJpdGFkb3JfNzgxNS5qcGciLCJzbGlkZXNob3ciOiI3YWQxYWMxZSJ9\" href='https:\/\/eltra.com.br\/site\/wp-content\/uploads\/2024\/01\/resistencia_eletrica_fritador_7815.jpg'><img loading=\"lazy\" decoding=\"async\" width=\"150\" height=\"150\" src=\"https:\/\/eltra.com.br\/site\/wp-content\/uploads\/2024\/01\/resistencia_eletrica_fritador_7815-150x150.jpg\" class=\"attachment-thumbnail size-thumbnail\" alt=\"\" aria-describedby=\"gallery-2-469\" srcset=\"https:\/\/eltra.com.br\/site\/wp-content\/uploads\/2024\/01\/resistencia_eletrica_fritador_7815-150x150.jpg 150w, https:\/\/eltra.com.br\/site\/wp-content\/uploads\/2024\/01\/resistencia_eletrica_fritador_7815-300x300.jpg 300w, https:\/\/eltra.com.br\/site\/wp-content\/uploads\/2024\/01\/resistencia_eletrica_fritador_7815.jpg 768w\" sizes=\"(max-width: 150px) 100vw, 150px\" \/><\/a>\n\t\t\t<\/div>\n\t\t\t\t<figcaption class='wp-caption-text gallery-caption' id='gallery-2-469'>\n\t\t\t\tC\u00f3digo 7815\n\t\t\t\t<\/figcaption><\/figure><figure class='gallery-item'>\n\t\t\t<div class='gallery-icon landscape'>\n\t\t\t\t<a data-elementor-open-lightbox=\"yes\" data-elementor-lightbox-slideshow=\"7ad1ac1e\" data-elementor-lightbox-title=\"resistencia_eletrica_fritador_14588\" data-e-action-hash=\"#elementor-action%3Aaction%3Dlightbox%26settings%3DeyJpZCI6NDcwLCJ1cmwiOiJodHRwczpcL1wvZWx0cmEuY29tLmJyXC9zaXRlXC93cC1jb250ZW50XC91cGxvYWRzXC8yMDI0XC8wMVwvcmVzaXN0ZW5jaWFfZWxldHJpY2FfZnJpdGFkb3JfMTQ1ODguanBnIiwic2xpZGVzaG93IjoiN2FkMWFjMWUifQ%3D%3D\" href='https:\/\/eltra.com.br\/site\/wp-content\/uploads\/2024\/01\/resistencia_eletrica_fritador_14588.jpg'><img loading=\"lazy\" decoding=\"async\" width=\"150\" height=\"150\" src=\"https:\/\/eltra.com.br\/site\/wp-content\/uploads\/2024\/01\/resistencia_eletrica_fritador_14588-150x150.jpg\" class=\"attachment-thumbnail size-thumbnail\" alt=\"\" aria-describedby=\"gallery-2-470\" srcset=\"https:\/\/eltra.com.br\/site\/wp-content\/uploads\/2024\/01\/resistencia_eletrica_fritador_14588-150x150.jpg 150w, https:\/\/eltra.com.br\/site\/wp-content\/uploads\/2024\/01\/resistencia_eletrica_fritador_14588-300x300.jpg 300w, https:\/\/eltra.com.br\/site\/wp-content\/uploads\/2024\/01\/resistencia_eletrica_fritador_14588.jpg 768w\" sizes=\"(max-width: 150px) 100vw, 150px\" \/><\/a>\n\t\t\t<\/div>\n\t\t\t\t<figcaption class='wp-caption-text gallery-caption' id='gallery-2-470'>\n\t\t\t\tC\u00f3digo 14588\n\t\t\t\t<\/figcaption><\/figure><figure class='gallery-item'>\n\t\t\t<div class='gallery-icon landscape'>\n\t\t\t\t<a data-elementor-open-lightbox=\"yes\" data-elementor-lightbox-slideshow=\"7ad1ac1e\" data-elementor-lightbox-title=\"resistencia_eletrica_fritador_192\" data-e-action-hash=\"#elementor-action%3Aaction%3Dlightbox%26settings%3DeyJpZCI6NDY0LCJ1cmwiOiJodHRwczpcL1wvZWx0cmEuY29tLmJyXC9zaXRlXC93cC1jb250ZW50XC91cGxvYWRzXC8yMDI0XC8wMVwvcmVzaXN0ZW5jaWFfZWxldHJpY2FfZnJpdGFkb3JfMTkyLmpwZyIsInNsaWRlc2hvdyI6IjdhZDFhYzFlIn0%3D\" href='https:\/\/eltra.com.br\/site\/wp-content\/uploads\/2024\/01\/resistencia_eletrica_fritador_192.jpg'><img loading=\"lazy\" decoding=\"async\" width=\"150\" height=\"150\" src=\"https:\/\/eltra.com.br\/site\/wp-content\/uploads\/2024\/01\/resistencia_eletrica_fritador_192-150x150.jpg\" class=\"attachment-thumbnail size-thumbnail\" alt=\"\" aria-describedby=\"gallery-2-464\" srcset=\"https:\/\/eltra.com.br\/site\/wp-content\/uploads\/2024\/01\/resistencia_eletrica_fritador_192-150x150.jpg 150w, https:\/\/eltra.com.br\/site\/wp-content\/uploads\/2024\/01\/resistencia_eletrica_fritador_192-300x300.jpg 300w, https:\/\/eltra.com.br\/site\/wp-content\/uploads\/2024\/01\/resistencia_eletrica_fritador_192.jpg 768w\" sizes=\"(max-width: 150px) 100vw, 150px\" \/><\/a>\n\t\t\t<\/div>\n\t\t\t\t<figcaption class='wp-caption-text gallery-caption' id='gallery-2-464'>\n\t\t\t\tC\u00f3digo 192\n\t\t\t\t<\/figcaption><\/figure>\n\t\t<\/div>\n\t\t<\/div>\n\t\t\t\t\t\t<\/div>\n\t\t\t\t<\/div>\n\t\t\t\t\t<\/div>\n\t\t<\/div>\n\t\t\t\t<div class=\"elementor-column elementor-col-50 elementor-inner-column elementor-element elementor-element-2e578307\" data-id=\"2e578307\" data-element_type=\"column\">\n\t\t\t<div class=\"elementor-widget-wrap elementor-element-populated\">\n\t\t\t\t\t\t<div class=\"elementor-element elementor-element-2118ea77 elementor-widget elementor-widget-text-editor\" data-id=\"2118ea77\" data-element_type=\"widget\" data-widget_type=\"text-editor.default\">\n\t\t\t\t<div class=\"elementor-widget-container\">\n\t\t\t\t\t\t\t\t\t<p><strong>Resist\u00eancia el\u00e9trica<\/strong> tubular blindada em a\u00e7o 1020 niquelado ou inox 304 para\u00a0<strong>fritadeira<\/strong>.<\/p><p>Indicado para aquecimento de \u00f3leo em tacho de fritura.<\/p>\t\t\t\t\t\t\t\t<\/div>\n\t\t\t\t<\/div>\n\t\t\t\t<div class=\"elementor-element elementor-element-52d96933 elementor-align-center elementor-widget elementor-widget-button\" data-id=\"52d96933\" data-element_type=\"widget\" data-widget_type=\"button.default\">\n\t\t\t\t<div class=\"elementor-widget-container\">\n\t\t\t\t\t\t\t\t\t<div class=\"elementor-button-wrapper\">\n\t\t\t\t\t<a class=\"elementor-button elementor-button-link elementor-size-lg\" href=\"https:\/\/wa.me\/5511953905385\">\n\t\t\t\t\t\t<span class=\"elementor-button-content-wrapper\">\n\t\t\t\t\t\t\t\t\t<span class=\"elementor-button-text\">SOLICITAR OR\u00c7AMENTO<\/span>\n\t\t\t\t\t<\/span>\n\t\t\t\t\t<\/a>\n\t\t\t\t<\/div>\n\t\t\t\t\t\t\t\t<\/div>\n\t\t\t\t<\/div>\n\t\t\t\t\t<\/div>\n\t\t<\/div>\n\t\t\t\t\t<\/div>\n\t\t<\/section>\n\t\t\t\t\t<\/div>\n\t\t<\/div>\n\t\t\t\t\t<\/div>\n\t\t<\/section>\n\t\t\t\t<\/div>\n\t\t","protected":false},"excerpt":{"rendered":"<p>Resist\u00eancia el\u00e9trica fritador C\u00f3digo 14617 C\u00f3digo 14617 C\u00f3digo 305 C\u00f3digo 306 C\u00f3digo 411 C\u00f3digo 3287 C\u00f3digo 7815 C\u00f3digo 14588 C\u00f3digo 192 Resist\u00eancia el\u00e9trica tubular blindada em a\u00e7o 1020 niquelado ou inox 304 para\u00a0fritadeira. Indicado para aquecimento de \u00f3leo em tacho de fritura. SOLICITAR OR\u00c7AMENTO<\/p>\n","protected":false},"author":1,"featured_media":469,"parent":0,"menu_order":0,"comment_status":"closed","ping_status":"closed","template":"","meta":{"site-sidebar-layout":"no-sidebar","site-content-layout":"","ast-site-content-layout":"full-width-container","site-content-style":"default","site-sidebar-style":"default","ast-global-header-display":"","ast-banner-title-visibility":"","ast-main-header-display":"","ast-hfb-above-header-display":"","ast-hfb-below-header-display":"","ast-hfb-mobile-header-display":"","site-post-title":"disabled","ast-breadcrumbs-content":"","ast-featured-img":"disabled","footer-sml-layout":"","ast-disable-related-posts":"","theme-transparent-header-meta":"","adv-header-id-meta":"","stick-header-meta":"","header-above-stick-meta":"","header-main-stick-meta":"","header-below-stick-meta":"","astra-migrate-meta-layouts":"default","ast-page-background-enabled":"default","ast-page-background-meta":{"desktop":{"background-color":"var(--ast-global-color-4)","background-image":"","background-repeat":"repeat","background-position":"center center","background-size":"auto","background-attachment":"scroll","background-type":"","background-media":"","overlay-type":"","overlay-color":"","overlay-opacity":"","overlay-gradient":""},"tablet":{"background-color":"","background-image":"","background-repeat":"repeat","background-position":"center center","background-size":"auto","background-attachment":"scroll","background-type":"","background-media":"","overlay-type":"","overlay-color":"","overlay-opacity":"","overlay-gradient":""},"mobile":{"background-color":"","background-image":"","background-repeat":"repeat","background-position":"center center","background-size":"auto","background-attachment":"scroll","background-type":"","background-media":"","overlay-type":"","overlay-color":"","overlay-opacity":"","overlay-gradient":""}},"ast-content-background-meta":{"desktop":{"background-color":"var(--ast-global-color-5)","background-image":"","background-repeat":"repeat","background-position":"center center","background-size":"auto","background-attachment":"scroll","background-type":"","background-media":"","overlay-type":"","overlay-color":"","overlay-opacity":"","overlay-gradient":""},"tablet":{"background-color":"var(--ast-global-color-5)","background-image":"","background-repeat":"repeat","background-position":"center center","background-size":"auto","background-attachment":"scroll","background-type":"","background-media":"","overlay-type":"","overlay-color":"","overlay-opacity":"","overlay-gradient":""},"mobile":{"background-color":"var(--ast-global-color-5)","background-image":"","background-repeat":"repeat","background-position":"center center","background-size":"auto","background-attachment":"scroll","background-type":"","background-media":"","overlay-type":"","overlay-color":"","overlay-opacity":"","overlay-gradient":""}},"footnotes":""},"class_list":["post-463","page","type-page","status-publish","has-post-thumbnail","hentry"],"_links":{"self":[{"href":"https:\/\/eltra.com.br\/site\/wp-json\/wp\/v2\/pages\/463","targetHints":{"allow":["GET"]}}],"collection":[{"href":"https:\/\/eltra.com.br\/site\/wp-json\/wp\/v2\/pages"}],"about":[{"href":"https:\/\/eltra.com.br\/site\/wp-json\/wp\/v2\/types\/page"}],"author":[{"embeddable":true,"href":"https:\/\/eltra.com.br\/site\/wp-json\/wp\/v2\/users\/1"}],"replies":[{"embeddable":true,"href":"https:\/\/eltra.com.br\/site\/wp-json\/wp\/v2\/comments?post=463"}],"version-history":[{"count":9,"href":"https:\/\/eltra.com.br\/site\/wp-json\/wp\/v2\/pages\/463\/revisions"}],"predecessor-version":[{"id":591,"href":"https:\/\/eltra.com.br\/site\/wp-json\/wp\/v2\/pages\/463\/revisions\/591"}],"wp:featuredmedia":[{"embeddable":true,"href":"https:\/\/eltra.com.br\/site\/wp-json\/wp\/v2\/media\/469"}],"wp:attachment":[{"href":"https:\/\/eltra.com.br\/site\/wp-json\/wp\/v2\/media?parent=463"}],"curies":[{"name":"wp","href":"https:\/\/api.w.org\/{rel}","templated":true}]}}