{"id":475,"date":"2024-01-16T22:56:01","date_gmt":"2024-01-16T22:56:01","guid":{"rendered":"https:\/\/eltra.com.br\/site\/?page_id=475"},"modified":"2024-01-16T22:58:53","modified_gmt":"2024-01-16T22:58:53","slug":"resistencia-eletrica-pre-aquecimento","status":"publish","type":"page","link":"https:\/\/eltra.com.br\/site\/resistencia-eletrica-pre-aquecimento\/","title":{"rendered":"Resist\u00eancia el\u00e9trica pr\u00e9-aquecimento"},"content":{"rendered":"\t\t<div data-elementor-type=\"wp-page\" data-elementor-id=\"475\" class=\"elementor elementor-475\">\n\t\t\t\t\t\t<section class=\"elementor-section elementor-top-section elementor-element elementor-element-55d0229d elementor-reverse-tablet elementor-reverse-mobile elementor-section-boxed elementor-section-height-default elementor-section-height-default\" data-id=\"55d0229d\" data-element_type=\"section\">\n\t\t\t\t\t\t<div class=\"elementor-container elementor-column-gap-default\">\n\t\t\t\t\t<div class=\"elementor-column elementor-col-100 elementor-top-column elementor-element elementor-element-347e1603\" data-id=\"347e1603\" data-element_type=\"column\">\n\t\t\t<div class=\"elementor-widget-wrap elementor-element-populated\">\n\t\t\t\t\t\t<section class=\"elementor-section elementor-inner-section elementor-element elementor-element-16b59ace elementor-section-boxed elementor-section-height-default elementor-section-height-default\" data-id=\"16b59ace\" data-element_type=\"section\">\n\t\t\t\t\t\t<div class=\"elementor-container elementor-column-gap-default\">\n\t\t\t\t\t<div class=\"elementor-column elementor-col-100 elementor-inner-column elementor-element elementor-element-20349fff\" data-id=\"20349fff\" data-element_type=\"column\">\n\t\t\t<div class=\"elementor-widget-wrap elementor-element-populated\">\n\t\t\t\t\t\t<div class=\"elementor-element elementor-element-62f82959 elementor-widget elementor-widget-heading\" data-id=\"62f82959\" data-element_type=\"widget\" data-widget_type=\"heading.default\">\n\t\t\t\t<div class=\"elementor-widget-container\">\n\t\t\t\t\t<h1 class=\"elementor-heading-title elementor-size-large\">Resist\u00eancia el\u00e9trica para pr\u00e9-aquecimento de grupo gerador<\/h1>\t\t\t\t<\/div>\n\t\t\t\t<\/div>\n\t\t\t\t\t<\/div>\n\t\t<\/div>\n\t\t\t\t\t<\/div>\n\t\t<\/section>\n\t\t\t\t<section class=\"elementor-section elementor-inner-section elementor-element elementor-element-16896f0f elementor-section-boxed elementor-section-height-default elementor-section-height-default\" data-id=\"16896f0f\" data-element_type=\"section\">\n\t\t\t\t\t\t<div class=\"elementor-container elementor-column-gap-default\">\n\t\t\t\t\t<div class=\"elementor-column elementor-col-50 elementor-inner-column elementor-element elementor-element-79ebcfe6\" data-id=\"79ebcfe6\" data-element_type=\"column\">\n\t\t\t<div class=\"elementor-widget-wrap elementor-element-populated\">\n\t\t\t\t\t\t<div class=\"elementor-element elementor-element-59953fdf e-transform elementor-hidden-mobile elementor-widget elementor-widget-image-gallery\" data-id=\"59953fdf\" data-element_type=\"widget\" data-settings=\"{&quot;_transform_scale_effect&quot;:{&quot;unit&quot;:&quot;px&quot;,&quot;size&quot;:&quot;&quot;,&quot;sizes&quot;:[]},&quot;_transform_scale_effect_tablet&quot;:{&quot;unit&quot;:&quot;px&quot;,&quot;size&quot;:&quot;&quot;,&quot;sizes&quot;:[]},&quot;_transform_scale_effect_mobile&quot;:{&quot;unit&quot;:&quot;px&quot;,&quot;size&quot;:&quot;&quot;,&quot;sizes&quot;:[]}}\" data-widget_type=\"image-gallery.default\">\n\t\t\t\t<div class=\"elementor-widget-container\">\n\t\t\t\t\t\t\t<div class=\"elementor-image-gallery\">\n\t\t\t<div id='gallery-1' class='gallery galleryid-475 gallery-columns-1 gallery-size-medium'><figure class='gallery-item'>\n\t\t\t<div class='gallery-icon landscape'>\n\t\t\t\t<a data-elementor-open-lightbox=\"yes\" data-elementor-lightbox-slideshow=\"59953fdf\" data-elementor-lightbox-title=\"resistencia_eletrica_pre_aquecimento\" data-e-action-hash=\"#elementor-action%3Aaction%3Dlightbox%26settings%3DeyJpZCI6NDc2LCJ1cmwiOiJodHRwczpcL1wvZWx0cmEuY29tLmJyXC9zaXRlXC93cC1jb250ZW50XC91cGxvYWRzXC8yMDI0XC8wMVwvcmVzaXN0ZW5jaWFfZWxldHJpY2FfcHJlX2FxdWVjaW1lbnRvLmpwZyIsInNsaWRlc2hvdyI6IjU5OTUzZmRmIn0%3D\" href='https:\/\/eltra.com.br\/site\/wp-content\/uploads\/2024\/01\/resistencia_eletrica_pre_aquecimento.jpg'><img fetchpriority=\"high\" decoding=\"async\" width=\"300\" height=\"300\" src=\"https:\/\/eltra.com.br\/site\/wp-content\/uploads\/2024\/01\/resistencia_eletrica_pre_aquecimento-300x300.jpg\" class=\"attachment-medium size-medium\" alt=\"\" srcset=\"https:\/\/eltra.com.br\/site\/wp-content\/uploads\/2024\/01\/resistencia_eletrica_pre_aquecimento-300x300.jpg 300w, https:\/\/eltra.com.br\/site\/wp-content\/uploads\/2024\/01\/resistencia_eletrica_pre_aquecimento-150x150.jpg 150w, https:\/\/eltra.com.br\/site\/wp-content\/uploads\/2024\/01\/resistencia_eletrica_pre_aquecimento-768x768.jpg 768w, https:\/\/eltra.com.br\/site\/wp-content\/uploads\/2024\/01\/resistencia_eletrica_pre_aquecimento.jpg 800w\" sizes=\"(max-width: 300px) 100vw, 300px\" \/><\/a>\n\t\t\t<\/div><\/figure>\n\t\t<\/div>\n\t\t<\/div>\n\t\t\t\t\t\t<\/div>\n\t\t\t\t<\/div>\n\t\t\t\t<div class=\"elementor-element elementor-element-7e790ffe gallery-spacing-custom elementor-widget elementor-widget-image-gallery\" data-id=\"7e790ffe\" data-element_type=\"widget\" data-widget_type=\"image-gallery.default\">\n\t\t\t\t<div class=\"elementor-widget-container\">\n\t\t\t\t\t\t\t<div class=\"elementor-image-gallery\">\n\t\t\t<div id='gallery-2' class='gallery galleryid-475 gallery-columns-3 gallery-size-thumbnail'><figure class='gallery-item'>\n\t\t\t<div class='gallery-icon landscape'>\n\t\t\t\t<a data-elementor-open-lightbox=\"no\" href='https:\/\/eltra.com.br\/site\/wp-content\/uploads\/2024\/01\/resistencia_eletrica_pre_aquecimento.jpg'><img decoding=\"async\" width=\"150\" height=\"150\" src=\"https:\/\/eltra.com.br\/site\/wp-content\/uploads\/2024\/01\/resistencia_eletrica_pre_aquecimento-150x150.jpg\" class=\"attachment-thumbnail size-thumbnail\" alt=\"\" srcset=\"https:\/\/eltra.com.br\/site\/wp-content\/uploads\/2024\/01\/resistencia_eletrica_pre_aquecimento-150x150.jpg 150w, https:\/\/eltra.com.br\/site\/wp-content\/uploads\/2024\/01\/resistencia_eletrica_pre_aquecimento-300x300.jpg 300w, https:\/\/eltra.com.br\/site\/wp-content\/uploads\/2024\/01\/resistencia_eletrica_pre_aquecimento-768x768.jpg 768w, https:\/\/eltra.com.br\/site\/wp-content\/uploads\/2024\/01\/resistencia_eletrica_pre_aquecimento.jpg 800w\" sizes=\"(max-width: 150px) 100vw, 150px\" \/><\/a>\n\t\t\t<\/div><\/figure><figure class='gallery-item'>\n\t\t\t<div class='gallery-icon landscape'>\n\t\t\t\t<a data-elementor-open-lightbox=\"no\" href='https:\/\/eltra.com.br\/site\/wp-content\/uploads\/2024\/01\/resistencia_eletrica_pre_aquecimento1.jpg'><img decoding=\"async\" width=\"150\" height=\"150\" src=\"https:\/\/eltra.com.br\/site\/wp-content\/uploads\/2024\/01\/resistencia_eletrica_pre_aquecimento1-150x150.jpg\" class=\"attachment-thumbnail size-thumbnail\" alt=\"\" srcset=\"https:\/\/eltra.com.br\/site\/wp-content\/uploads\/2024\/01\/resistencia_eletrica_pre_aquecimento1-150x150.jpg 150w, https:\/\/eltra.com.br\/site\/wp-content\/uploads\/2024\/01\/resistencia_eletrica_pre_aquecimento1-300x300.jpg 300w, https:\/\/eltra.com.br\/site\/wp-content\/uploads\/2024\/01\/resistencia_eletrica_pre_aquecimento1-768x768.jpg 768w, https:\/\/eltra.com.br\/site\/wp-content\/uploads\/2024\/01\/resistencia_eletrica_pre_aquecimento1.jpg 800w\" sizes=\"(max-width: 150px) 100vw, 150px\" \/><\/a>\n\t\t\t<\/div><\/figure><figure class='gallery-item'>\n\t\t\t<div class='gallery-icon landscape'>\n\t\t\t\t<a data-elementor-open-lightbox=\"no\" href='https:\/\/eltra.com.br\/site\/wp-content\/uploads\/2024\/01\/resistencia_eletrica_pre_aquecimento2.jpg'><img loading=\"lazy\" decoding=\"async\" width=\"150\" height=\"150\" src=\"https:\/\/eltra.com.br\/site\/wp-content\/uploads\/2024\/01\/resistencia_eletrica_pre_aquecimento2-150x150.jpg\" class=\"attachment-thumbnail size-thumbnail\" alt=\"\" srcset=\"https:\/\/eltra.com.br\/site\/wp-content\/uploads\/2024\/01\/resistencia_eletrica_pre_aquecimento2-150x150.jpg 150w, https:\/\/eltra.com.br\/site\/wp-content\/uploads\/2024\/01\/resistencia_eletrica_pre_aquecimento2-300x300.jpg 300w, https:\/\/eltra.com.br\/site\/wp-content\/uploads\/2024\/01\/resistencia_eletrica_pre_aquecimento2-768x768.jpg 768w, https:\/\/eltra.com.br\/site\/wp-content\/uploads\/2024\/01\/resistencia_eletrica_pre_aquecimento2.jpg 800w\" sizes=\"(max-width: 150px) 100vw, 150px\" \/><\/a>\n\t\t\t<\/div><\/figure>\n\t\t<\/div>\n\t\t<\/div>\n\t\t\t\t\t\t<\/div>\n\t\t\t\t<\/div>\n\t\t\t\t\t<\/div>\n\t\t<\/div>\n\t\t\t\t<div class=\"elementor-column elementor-col-50 elementor-inner-column elementor-element elementor-element-2465f539\" data-id=\"2465f539\" data-element_type=\"column\">\n\t\t\t<div class=\"elementor-widget-wrap elementor-element-populated\">\n\t\t\t\t\t\t<div class=\"elementor-element elementor-element-6a2d20f elementor-widget elementor-widget-text-editor\" data-id=\"6a2d20f\" data-element_type=\"widget\" data-widget_type=\"text-editor.default\">\n\t\t\t\t<div class=\"elementor-widget-container\">\n\t\t\t\t\t\t\t\t\t<p>Fabricada com rosca flange 1.1\/4&#8221; BSP.<\/p>\t\t\t\t\t\t\t\t<\/div>\n\t\t\t\t<\/div>\n\t\t\t\t<div class=\"elementor-element elementor-element-2aae76c9 elementor-align-center elementor-widget elementor-widget-button\" data-id=\"2aae76c9\" data-element_type=\"widget\" data-widget_type=\"button.default\">\n\t\t\t\t<div class=\"elementor-widget-container\">\n\t\t\t\t\t\t\t\t\t<div class=\"elementor-button-wrapper\">\n\t\t\t\t\t<a class=\"elementor-button elementor-button-link elementor-size-lg\" href=\"https:\/\/wa.me\/5511953905385\">\n\t\t\t\t\t\t<span class=\"elementor-button-content-wrapper\">\n\t\t\t\t\t\t\t\t\t<span class=\"elementor-button-text\">SOLICITAR OR\u00c7AMENTO<\/span>\n\t\t\t\t\t<\/span>\n\t\t\t\t\t<\/a>\n\t\t\t\t<\/div>\n\t\t\t\t\t\t\t\t<\/div>\n\t\t\t\t<\/div>\n\t\t\t\t\t<\/div>\n\t\t<\/div>\n\t\t\t\t\t<\/div>\n\t\t<\/section>\n\t\t\t\t\t<\/div>\n\t\t<\/div>\n\t\t\t\t\t<\/div>\n\t\t<\/section>\n\t\t\t\t<\/div>\n\t\t","protected":false},"excerpt":{"rendered":"<p>Resist\u00eancia el\u00e9trica para pr\u00e9-aquecimento de grupo gerador Fabricada com rosca flange 1.1\/4&#8221; BSP. SOLICITAR OR\u00c7AMENTO<\/p>\n","protected":false},"author":1,"featured_media":476,"parent":0,"menu_order":0,"comment_status":"closed","ping_status":"closed","template":"","meta":{"site-sidebar-layout":"no-sidebar","site-content-layout":"","ast-site-content-layout":"full-width-container","site-content-style":"default","site-sidebar-style":"default","ast-global-header-display":"","ast-banner-title-visibility":"","ast-main-header-display":"","ast-hfb-above-header-display":"","ast-hfb-below-header-display":"","ast-hfb-mobile-header-display":"","site-post-title":"disabled","ast-breadcrumbs-content":"","ast-featured-img":"disabled","footer-sml-layout":"","ast-disable-related-posts":"","theme-transparent-header-meta":"","adv-header-id-meta":"","stick-header-meta":"","header-above-stick-meta":"","header-main-stick-meta":"","header-below-stick-meta":"","astra-migrate-meta-layouts":"default","ast-page-background-enabled":"default","ast-page-background-meta":{"desktop":{"background-color":"var(--ast-global-color-4)","background-image":"","background-repeat":"repeat","background-position":"center center","background-size":"auto","background-attachment":"scroll","background-type":"","background-media":"","overlay-type":"","overlay-color":"","overlay-opacity":"","overlay-gradient":""},"tablet":{"background-color":"","background-image":"","background-repeat":"repeat","background-position":"center center","background-size":"auto","background-attachment":"scroll","background-type":"","background-media":"","overlay-type":"","overlay-color":"","overlay-opacity":"","overlay-gradient":""},"mobile":{"background-color":"","background-image":"","background-repeat":"repeat","background-position":"center center","background-size":"auto","background-attachment":"scroll","background-type":"","background-media":"","overlay-type":"","overlay-color":"","overlay-opacity":"","overlay-gradient":""}},"ast-content-background-meta":{"desktop":{"background-color":"var(--ast-global-color-5)","background-image":"","background-repeat":"repeat","background-position":"center center","background-size":"auto","background-attachment":"scroll","background-type":"","background-media":"","overlay-type":"","overlay-color":"","overlay-opacity":"","overlay-gradient":""},"tablet":{"background-color":"var(--ast-global-color-5)","background-image":"","background-repeat":"repeat","background-position":"center center","background-size":"auto","background-attachment":"scroll","background-type":"","background-media":"","overlay-type":"","overlay-color":"","overlay-opacity":"","overlay-gradient":""},"mobile":{"background-color":"var(--ast-global-color-5)","background-image":"","background-repeat":"repeat","background-position":"center center","background-size":"auto","background-attachment":"scroll","background-type":"","background-media":"","overlay-type":"","overlay-color":"","overlay-opacity":"","overlay-gradient":""}},"footnotes":""},"class_list":["post-475","page","type-page","status-publish","has-post-thumbnail","hentry"],"_links":{"self":[{"href":"https:\/\/eltra.com.br\/site\/wp-json\/wp\/v2\/pages\/475","targetHints":{"allow":["GET"]}}],"collection":[{"href":"https:\/\/eltra.com.br\/site\/wp-json\/wp\/v2\/pages"}],"about":[{"href":"https:\/\/eltra.com.br\/site\/wp-json\/wp\/v2\/types\/page"}],"author":[{"embeddable":true,"href":"https:\/\/eltra.com.br\/site\/wp-json\/wp\/v2\/users\/1"}],"replies":[{"embeddable":true,"href":"https:\/\/eltra.com.br\/site\/wp-json\/wp\/v2\/comments?post=475"}],"version-history":[{"count":3,"href":"https:\/\/eltra.com.br\/site\/wp-json\/wp\/v2\/pages\/475\/revisions"}],"predecessor-version":[{"id":481,"href":"https:\/\/eltra.com.br\/site\/wp-json\/wp\/v2\/pages\/475\/revisions\/481"}],"wp:featuredmedia":[{"embeddable":true,"href":"https:\/\/eltra.com.br\/site\/wp-json\/wp\/v2\/media\/476"}],"wp:attachment":[{"href":"https:\/\/eltra.com.br\/site\/wp-json\/wp\/v2\/media?parent=475"}],"curies":[{"name":"wp","href":"https:\/\/api.w.org\/{rel}","templated":true}]}}