{"id":493,"date":"2024-01-16T23:47:27","date_gmt":"2024-01-16T23:47:27","guid":{"rendered":"https:\/\/eltra.com.br\/site\/?page_id=493"},"modified":"2024-01-16T23:55:33","modified_gmt":"2024-01-16T23:55:33","slug":"resistencia-eletrica-sauna-umida-vapor","status":"publish","type":"page","link":"https:\/\/eltra.com.br\/site\/resistencia-eletrica-sauna-umida-vapor\/","title":{"rendered":"Resist\u00eancia el\u00e9trica sauna \u00famida \/ vapor"},"content":{"rendered":"\t\t<div data-elementor-type=\"wp-page\" data-elementor-id=\"493\" class=\"elementor elementor-493\">\n\t\t\t\t\t\t<section class=\"elementor-section elementor-top-section elementor-element elementor-element-16ae3b22 elementor-reverse-tablet elementor-reverse-mobile elementor-section-boxed elementor-section-height-default elementor-section-height-default\" data-id=\"16ae3b22\" data-element_type=\"section\">\n\t\t\t\t\t\t<div class=\"elementor-container elementor-column-gap-default\">\n\t\t\t\t\t<div class=\"elementor-column elementor-col-100 elementor-top-column elementor-element elementor-element-15ea5eaf\" data-id=\"15ea5eaf\" data-element_type=\"column\">\n\t\t\t<div class=\"elementor-widget-wrap elementor-element-populated\">\n\t\t\t\t\t\t<section class=\"elementor-section elementor-inner-section elementor-element elementor-element-18d40cb0 elementor-section-boxed elementor-section-height-default elementor-section-height-default\" data-id=\"18d40cb0\" data-element_type=\"section\">\n\t\t\t\t\t\t<div class=\"elementor-container elementor-column-gap-default\">\n\t\t\t\t\t<div class=\"elementor-column elementor-col-100 elementor-inner-column elementor-element elementor-element-198a8226\" data-id=\"198a8226\" data-element_type=\"column\">\n\t\t\t<div class=\"elementor-widget-wrap elementor-element-populated\">\n\t\t\t\t\t\t<div class=\"elementor-element elementor-element-36322f4b elementor-widget elementor-widget-heading\" data-id=\"36322f4b\" data-element_type=\"widget\" data-widget_type=\"heading.default\">\n\t\t\t\t<div class=\"elementor-widget-container\">\n\t\t\t\t\t<h1 class=\"elementor-heading-title elementor-size-large\">Resist\u00eancia el\u00e9trica sauna \u00famida \/ vapor<\/h1>\t\t\t\t<\/div>\n\t\t\t\t<\/div>\n\t\t\t\t\t<\/div>\n\t\t<\/div>\n\t\t\t\t\t<\/div>\n\t\t<\/section>\n\t\t\t\t<section class=\"elementor-section elementor-inner-section elementor-element elementor-element-b7e6bcd elementor-section-boxed elementor-section-height-default elementor-section-height-default\" data-id=\"b7e6bcd\" data-element_type=\"section\">\n\t\t\t\t\t\t<div class=\"elementor-container elementor-column-gap-default\">\n\t\t\t\t\t<div class=\"elementor-column elementor-col-50 elementor-inner-column elementor-element elementor-element-5469a4cb\" data-id=\"5469a4cb\" data-element_type=\"column\">\n\t\t\t<div class=\"elementor-widget-wrap elementor-element-populated\">\n\t\t\t\t\t\t<div class=\"elementor-element elementor-element-34b271b e-transform elementor-hidden-mobile elementor-widget elementor-widget-image-gallery\" data-id=\"34b271b\" data-element_type=\"widget\" data-settings=\"{&quot;_transform_scale_effect&quot;:{&quot;unit&quot;:&quot;px&quot;,&quot;size&quot;:&quot;&quot;,&quot;sizes&quot;:[]},&quot;_transform_scale_effect_tablet&quot;:{&quot;unit&quot;:&quot;px&quot;,&quot;size&quot;:&quot;&quot;,&quot;sizes&quot;:[]},&quot;_transform_scale_effect_mobile&quot;:{&quot;unit&quot;:&quot;px&quot;,&quot;size&quot;:&quot;&quot;,&quot;sizes&quot;:[]}}\" data-widget_type=\"image-gallery.default\">\n\t\t\t\t<div class=\"elementor-widget-container\">\n\t\t\t\t\t\t\t<div class=\"elementor-image-gallery\">\n\t\t\t<div id='gallery-1' class='gallery galleryid-493 gallery-columns-1 gallery-size-medium'><figure class='gallery-item'>\n\t\t\t<div class='gallery-icon landscape'>\n\t\t\t\t<a data-elementor-open-lightbox=\"yes\" data-elementor-lightbox-slideshow=\"34b271b\" data-elementor-lightbox-title=\"resistencia_eletrica_sauna_umida\" data-e-action-hash=\"#elementor-action%3Aaction%3Dlightbox%26settings%3DeyJpZCI6NDk0LCJ1cmwiOiJodHRwczpcL1wvZWx0cmEuY29tLmJyXC9zaXRlXC93cC1jb250ZW50XC91cGxvYWRzXC8yMDI0XC8wMVwvcmVzaXN0ZW5jaWFfZWxldHJpY2Ffc2F1bmFfdW1pZGEuanBnIiwic2xpZGVzaG93IjoiMzRiMjcxYiJ9\" href='https:\/\/eltra.com.br\/site\/wp-content\/uploads\/2024\/01\/resistencia_eletrica_sauna_umida.jpg'><img fetchpriority=\"high\" decoding=\"async\" width=\"300\" height=\"300\" src=\"https:\/\/eltra.com.br\/site\/wp-content\/uploads\/2024\/01\/resistencia_eletrica_sauna_umida-300x300.jpg\" class=\"attachment-medium size-medium\" alt=\"Resist\u00eancia sauna \u00famida\/vapor\" aria-describedby=\"gallery-1-494\" srcset=\"https:\/\/eltra.com.br\/site\/wp-content\/uploads\/2024\/01\/resistencia_eletrica_sauna_umida-300x300.jpg 300w, https:\/\/eltra.com.br\/site\/wp-content\/uploads\/2024\/01\/resistencia_eletrica_sauna_umida-150x150.jpg 150w, https:\/\/eltra.com.br\/site\/wp-content\/uploads\/2024\/01\/resistencia_eletrica_sauna_umida.jpg 768w\" sizes=\"(max-width: 300px) 100vw, 300px\" \/><\/a>\n\t\t\t<\/div>\n\t\t\t\t<figcaption class='wp-caption-text gallery-caption' id='gallery-1-494'>\n\t\t\t\tResist\u00eancia sauna \u00famida\/vapor\n\t\t\t\t<\/figcaption><\/figure>\n\t\t<\/div>\n\t\t<\/div>\n\t\t\t\t\t\t<\/div>\n\t\t\t\t<\/div>\n\t\t\t\t<div class=\"elementor-element elementor-element-e37a50 gallery-spacing-custom elementor-widget elementor-widget-image-gallery\" data-id=\"e37a50\" data-element_type=\"widget\" data-widget_type=\"image-gallery.default\">\n\t\t\t\t<div class=\"elementor-widget-container\">\n\t\t\t\t\t\t\t<div class=\"elementor-image-gallery\">\n\t\t\t<div id='gallery-2' class='gallery galleryid-493 gallery-columns-3 gallery-size-thumbnail'><figure class='gallery-item'>\n\t\t\t<div class='gallery-icon landscape'>\n\t\t\t\t<a data-elementor-open-lightbox=\"yes\" data-elementor-lightbox-slideshow=\"e37a50\" data-elementor-lightbox-title=\"resistencia_eletrica_sauna_umida\" data-e-action-hash=\"#elementor-action%3Aaction%3Dlightbox%26settings%3DeyJpZCI6NDk0LCJ1cmwiOiJodHRwczpcL1wvZWx0cmEuY29tLmJyXC9zaXRlXC93cC1jb250ZW50XC91cGxvYWRzXC8yMDI0XC8wMVwvcmVzaXN0ZW5jaWFfZWxldHJpY2Ffc2F1bmFfdW1pZGEuanBnIiwic2xpZGVzaG93IjoiZTM3YTUwIn0%3D\" href='https:\/\/eltra.com.br\/site\/wp-content\/uploads\/2024\/01\/resistencia_eletrica_sauna_umida.jpg'><img decoding=\"async\" width=\"150\" height=\"150\" src=\"https:\/\/eltra.com.br\/site\/wp-content\/uploads\/2024\/01\/resistencia_eletrica_sauna_umida-150x150.jpg\" class=\"attachment-thumbnail size-thumbnail\" alt=\"Resist\u00eancia sauna \u00famida\/vapor\" aria-describedby=\"gallery-2-494\" srcset=\"https:\/\/eltra.com.br\/site\/wp-content\/uploads\/2024\/01\/resistencia_eletrica_sauna_umida-150x150.jpg 150w, https:\/\/eltra.com.br\/site\/wp-content\/uploads\/2024\/01\/resistencia_eletrica_sauna_umida-300x300.jpg 300w, https:\/\/eltra.com.br\/site\/wp-content\/uploads\/2024\/01\/resistencia_eletrica_sauna_umida.jpg 768w\" sizes=\"(max-width: 150px) 100vw, 150px\" \/><\/a>\n\t\t\t<\/div>\n\t\t\t\t<figcaption class='wp-caption-text gallery-caption' id='gallery-2-494'>\n\t\t\t\tResist\u00eancia sauna \u00famida\/vapor\n\t\t\t\t<\/figcaption><\/figure><figure class='gallery-item'>\n\t\t\t<div class='gallery-icon landscape'>\n\t\t\t\t<a data-elementor-open-lightbox=\"yes\" data-elementor-lightbox-slideshow=\"e37a50\" data-elementor-lightbox-title=\"resistencia_eletrica_sauna_umida1\" data-e-action-hash=\"#elementor-action%3Aaction%3Dlightbox%26settings%3DeyJpZCI6NDk1LCJ1cmwiOiJodHRwczpcL1wvZWx0cmEuY29tLmJyXC9zaXRlXC93cC1jb250ZW50XC91cGxvYWRzXC8yMDI0XC8wMVwvcmVzaXN0ZW5jaWFfZWxldHJpY2Ffc2F1bmFfdW1pZGExLmpwZyIsInNsaWRlc2hvdyI6ImUzN2E1MCJ9\" href='https:\/\/eltra.com.br\/site\/wp-content\/uploads\/2024\/01\/resistencia_eletrica_sauna_umida1.jpg'><img decoding=\"async\" width=\"150\" height=\"150\" src=\"https:\/\/eltra.com.br\/site\/wp-content\/uploads\/2024\/01\/resistencia_eletrica_sauna_umida1-150x150.jpg\" class=\"attachment-thumbnail size-thumbnail\" alt=\"\" aria-describedby=\"gallery-2-495\" srcset=\"https:\/\/eltra.com.br\/site\/wp-content\/uploads\/2024\/01\/resistencia_eletrica_sauna_umida1-150x150.jpg 150w, https:\/\/eltra.com.br\/site\/wp-content\/uploads\/2024\/01\/resistencia_eletrica_sauna_umida1-300x300.jpg 300w, https:\/\/eltra.com.br\/site\/wp-content\/uploads\/2024\/01\/resistencia_eletrica_sauna_umida1.jpg 768w\" sizes=\"(max-width: 150px) 100vw, 150px\" \/><\/a>\n\t\t\t<\/div>\n\t\t\t\t<figcaption class='wp-caption-text gallery-caption' id='gallery-2-495'>\n\t\t\t\tResist\u00eancia sauna \u00famida\/vapor\n\t\t\t\t<\/figcaption><\/figure><figure class='gallery-item'>\n\t\t\t<div class='gallery-icon landscape'>\n\t\t\t\t<a data-elementor-open-lightbox=\"yes\" data-elementor-lightbox-slideshow=\"e37a50\" data-elementor-lightbox-title=\"resistencia_eletrica_sauna_umida2\" data-e-action-hash=\"#elementor-action%3Aaction%3Dlightbox%26settings%3DeyJpZCI6NDk2LCJ1cmwiOiJodHRwczpcL1wvZWx0cmEuY29tLmJyXC9zaXRlXC93cC1jb250ZW50XC91cGxvYWRzXC8yMDI0XC8wMVwvcmVzaXN0ZW5jaWFfZWxldHJpY2Ffc2F1bmFfdW1pZGEyLmpwZyIsInNsaWRlc2hvdyI6ImUzN2E1MCJ9\" href='https:\/\/eltra.com.br\/site\/wp-content\/uploads\/2024\/01\/resistencia_eletrica_sauna_umida2.jpg'><img loading=\"lazy\" decoding=\"async\" width=\"150\" height=\"150\" src=\"https:\/\/eltra.com.br\/site\/wp-content\/uploads\/2024\/01\/resistencia_eletrica_sauna_umida2-150x150.jpg\" class=\"attachment-thumbnail size-thumbnail\" alt=\"\" aria-describedby=\"gallery-2-496\" srcset=\"https:\/\/eltra.com.br\/site\/wp-content\/uploads\/2024\/01\/resistencia_eletrica_sauna_umida2-150x150.jpg 150w, https:\/\/eltra.com.br\/site\/wp-content\/uploads\/2024\/01\/resistencia_eletrica_sauna_umida2-300x300.jpg 300w, https:\/\/eltra.com.br\/site\/wp-content\/uploads\/2024\/01\/resistencia_eletrica_sauna_umida2.jpg 768w\" sizes=\"(max-width: 150px) 100vw, 150px\" \/><\/a>\n\t\t\t<\/div>\n\t\t\t\t<figcaption class='wp-caption-text gallery-caption' id='gallery-2-496'>\n\t\t\t\tResist\u00eancia sauna \u00famida\/vapor\n\t\t\t\t<\/figcaption><\/figure><figure class='gallery-item'>\n\t\t\t<div class='gallery-icon landscape'>\n\t\t\t\t<a data-elementor-open-lightbox=\"yes\" data-elementor-lightbox-slideshow=\"e37a50\" data-elementor-lightbox-title=\"resistencia_eletrica_sauna_umida3\" data-e-action-hash=\"#elementor-action%3Aaction%3Dlightbox%26settings%3DeyJpZCI6NDk3LCJ1cmwiOiJodHRwczpcL1wvZWx0cmEuY29tLmJyXC9zaXRlXC93cC1jb250ZW50XC91cGxvYWRzXC8yMDI0XC8wMVwvcmVzaXN0ZW5jaWFfZWxldHJpY2Ffc2F1bmFfdW1pZGEzLmpwZyIsInNsaWRlc2hvdyI6ImUzN2E1MCJ9\" href='https:\/\/eltra.com.br\/site\/wp-content\/uploads\/2024\/01\/resistencia_eletrica_sauna_umida3.jpg'><img loading=\"lazy\" decoding=\"async\" width=\"150\" height=\"150\" src=\"https:\/\/eltra.com.br\/site\/wp-content\/uploads\/2024\/01\/resistencia_eletrica_sauna_umida3-150x150.jpg\" class=\"attachment-thumbnail size-thumbnail\" alt=\"\" aria-describedby=\"gallery-2-497\" srcset=\"https:\/\/eltra.com.br\/site\/wp-content\/uploads\/2024\/01\/resistencia_eletrica_sauna_umida3-150x150.jpg 150w, https:\/\/eltra.com.br\/site\/wp-content\/uploads\/2024\/01\/resistencia_eletrica_sauna_umida3-300x300.jpg 300w, https:\/\/eltra.com.br\/site\/wp-content\/uploads\/2024\/01\/resistencia_eletrica_sauna_umida3.jpg 768w\" sizes=\"(max-width: 150px) 100vw, 150px\" \/><\/a>\n\t\t\t<\/div>\n\t\t\t\t<figcaption class='wp-caption-text gallery-caption' id='gallery-2-497'>\n\t\t\t\tResist\u00eancia sauna \u00famida\/vapor\n\t\t\t\t<\/figcaption><\/figure><figure class='gallery-item'>\n\t\t\t<div class='gallery-icon landscape'>\n\t\t\t\t<a data-elementor-open-lightbox=\"yes\" data-elementor-lightbox-slideshow=\"e37a50\" data-elementor-lightbox-title=\"resistencia_eletrica_sauna_umida4\" data-e-action-hash=\"#elementor-action%3Aaction%3Dlightbox%26settings%3DeyJpZCI6NDk4LCJ1cmwiOiJodHRwczpcL1wvZWx0cmEuY29tLmJyXC9zaXRlXC93cC1jb250ZW50XC91cGxvYWRzXC8yMDI0XC8wMVwvcmVzaXN0ZW5jaWFfZWxldHJpY2Ffc2F1bmFfdW1pZGE0LmpwZyIsInNsaWRlc2hvdyI6ImUzN2E1MCJ9\" href='https:\/\/eltra.com.br\/site\/wp-content\/uploads\/2024\/01\/resistencia_eletrica_sauna_umida4.jpg'><img loading=\"lazy\" decoding=\"async\" width=\"150\" height=\"150\" src=\"https:\/\/eltra.com.br\/site\/wp-content\/uploads\/2024\/01\/resistencia_eletrica_sauna_umida4-150x150.jpg\" class=\"attachment-thumbnail size-thumbnail\" alt=\"\" aria-describedby=\"gallery-2-498\" srcset=\"https:\/\/eltra.com.br\/site\/wp-content\/uploads\/2024\/01\/resistencia_eletrica_sauna_umida4-150x150.jpg 150w, https:\/\/eltra.com.br\/site\/wp-content\/uploads\/2024\/01\/resistencia_eletrica_sauna_umida4-300x300.jpg 300w, https:\/\/eltra.com.br\/site\/wp-content\/uploads\/2024\/01\/resistencia_eletrica_sauna_umida4.jpg 768w\" sizes=\"(max-width: 150px) 100vw, 150px\" \/><\/a>\n\t\t\t<\/div>\n\t\t\t\t<figcaption class='wp-caption-text gallery-caption' id='gallery-2-498'>\n\t\t\t\tResist\u00eancia sauna \u00famida\/vapor\n\t\t\t\t<\/figcaption><\/figure><figure class='gallery-item'>\n\t\t\t<div class='gallery-icon landscape'>\n\t\t\t\t<a data-elementor-open-lightbox=\"yes\" data-elementor-lightbox-slideshow=\"e37a50\" data-elementor-lightbox-title=\"resistencia_eletrica_sauna_umida5\" data-e-action-hash=\"#elementor-action%3Aaction%3Dlightbox%26settings%3DeyJpZCI6NDk5LCJ1cmwiOiJodHRwczpcL1wvZWx0cmEuY29tLmJyXC9zaXRlXC93cC1jb250ZW50XC91cGxvYWRzXC8yMDI0XC8wMVwvcmVzaXN0ZW5jaWFfZWxldHJpY2Ffc2F1bmFfdW1pZGE1LmpwZyIsInNsaWRlc2hvdyI6ImUzN2E1MCJ9\" href='https:\/\/eltra.com.br\/site\/wp-content\/uploads\/2024\/01\/resistencia_eletrica_sauna_umida5.jpg'><img loading=\"lazy\" decoding=\"async\" width=\"150\" height=\"150\" src=\"https:\/\/eltra.com.br\/site\/wp-content\/uploads\/2024\/01\/resistencia_eletrica_sauna_umida5-150x150.jpg\" class=\"attachment-thumbnail size-thumbnail\" alt=\"\" aria-describedby=\"gallery-2-499\" srcset=\"https:\/\/eltra.com.br\/site\/wp-content\/uploads\/2024\/01\/resistencia_eletrica_sauna_umida5-150x150.jpg 150w, https:\/\/eltra.com.br\/site\/wp-content\/uploads\/2024\/01\/resistencia_eletrica_sauna_umida5-300x300.jpg 300w, https:\/\/eltra.com.br\/site\/wp-content\/uploads\/2024\/01\/resistencia_eletrica_sauna_umida5.jpg 768w\" sizes=\"(max-width: 150px) 100vw, 150px\" \/><\/a>\n\t\t\t<\/div>\n\t\t\t\t<figcaption class='wp-caption-text gallery-caption' id='gallery-2-499'>\n\t\t\t\tResist\u00eancia sauna \u00famida\/vapor\n\t\t\t\t<\/figcaption><\/figure>\n\t\t<\/div>\n\t\t<\/div>\n\t\t\t\t\t\t<\/div>\n\t\t\t\t<\/div>\n\t\t\t\t\t<\/div>\n\t\t<\/div>\n\t\t\t\t<div class=\"elementor-column elementor-col-50 elementor-inner-column elementor-element elementor-element-7c73807f\" data-id=\"7c73807f\" data-element_type=\"column\">\n\t\t\t<div class=\"elementor-widget-wrap elementor-element-populated\">\n\t\t\t\t\t\t<div class=\"elementor-element elementor-element-4b812b5e elementor-widget elementor-widget-text-editor\" data-id=\"4b812b5e\" data-element_type=\"widget\" data-widget_type=\"text-editor.default\">\n\t\t\t\t<div class=\"elementor-widget-container\">\n\t\t\t\t\t\t\t\t\t<p><b>Resist\u00eancia el\u00e9trica<\/b> ELTRA blindada em tubo cobre, a\u00e7o inox ou cobre niquelado aquecimento de \u00e1gua por imers\u00e3o.<\/p><p>Indicada para sauna \u00famida\/vapor.<\/p>\t\t\t\t\t\t\t\t<\/div>\n\t\t\t\t<\/div>\n\t\t\t\t<div class=\"elementor-element elementor-element-38c3cd1c elementor-align-center elementor-widget elementor-widget-button\" data-id=\"38c3cd1c\" data-element_type=\"widget\" data-widget_type=\"button.default\">\n\t\t\t\t<div class=\"elementor-widget-container\">\n\t\t\t\t\t\t\t\t\t<div class=\"elementor-button-wrapper\">\n\t\t\t\t\t<a class=\"elementor-button elementor-button-link elementor-size-lg\" href=\"https:\/\/wa.me\/5511953905385\">\n\t\t\t\t\t\t<span class=\"elementor-button-content-wrapper\">\n\t\t\t\t\t\t\t\t\t<span class=\"elementor-button-text\">SOLICITAR OR\u00c7AMENTO<\/span>\n\t\t\t\t\t<\/span>\n\t\t\t\t\t<\/a>\n\t\t\t\t<\/div>\n\t\t\t\t\t\t\t\t<\/div>\n\t\t\t\t<\/div>\n\t\t\t\t\t<\/div>\n\t\t<\/div>\n\t\t\t\t\t<\/div>\n\t\t<\/section>\n\t\t\t\t\t<\/div>\n\t\t<\/div>\n\t\t\t\t\t<\/div>\n\t\t<\/section>\n\t\t\t\t<\/div>\n\t\t","protected":false},"excerpt":{"rendered":"<p>Resist\u00eancia el\u00e9trica sauna \u00famida \/ vapor Resist\u00eancia sauna \u00famida\/vapor Resist\u00eancia sauna \u00famida\/vapor Resist\u00eancia sauna \u00famida\/vapor Resist\u00eancia sauna \u00famida\/vapor Resist\u00eancia sauna \u00famida\/vapor Resist\u00eancia sauna \u00famida\/vapor Resist\u00eancia sauna \u00famida\/vapor Resist\u00eancia el\u00e9trica ELTRA blindada em tubo cobre, a\u00e7o inox ou cobre niquelado aquecimento de \u00e1gua por imers\u00e3o. Indicada para sauna \u00famida\/vapor. SOLICITAR OR\u00c7AMENTO<\/p>\n","protected":false},"author":1,"featured_media":494,"parent":0,"menu_order":0,"comment_status":"closed","ping_status":"closed","template":"","meta":{"site-sidebar-layout":"no-sidebar","site-content-layout":"","ast-site-content-layout":"full-width-container","site-content-style":"default","site-sidebar-style":"default","ast-global-header-display":"","ast-banner-title-visibility":"","ast-main-header-display":"","ast-hfb-above-header-display":"","ast-hfb-below-header-display":"","ast-hfb-mobile-header-display":"","site-post-title":"disabled","ast-breadcrumbs-content":"","ast-featured-img":"disabled","footer-sml-layout":"","ast-disable-related-posts":"","theme-transparent-header-meta":"","adv-header-id-meta":"","stick-header-meta":"","header-above-stick-meta":"","header-main-stick-meta":"","header-below-stick-meta":"","astra-migrate-meta-layouts":"default","ast-page-background-enabled":"default","ast-page-background-meta":{"desktop":{"background-color":"var(--ast-global-color-4)","background-image":"","background-repeat":"repeat","background-position":"center center","background-size":"auto","background-attachment":"scroll","background-type":"","background-media":"","overlay-type":"","overlay-color":"","overlay-opacity":"","overlay-gradient":""},"tablet":{"background-color":"","background-image":"","background-repeat":"repeat","background-position":"center center","background-size":"auto","background-attachment":"scroll","background-type":"","background-media":"","overlay-type":"","overlay-color":"","overlay-opacity":"","overlay-gradient":""},"mobile":{"background-color":"","background-image":"","background-repeat":"repeat","background-position":"center center","background-size":"auto","background-attachment":"scroll","background-type":"","background-media":"","overlay-type":"","overlay-color":"","overlay-opacity":"","overlay-gradient":""}},"ast-content-background-meta":{"desktop":{"background-color":"var(--ast-global-color-5)","background-image":"","background-repeat":"repeat","background-position":"center center","background-size":"auto","background-attachment":"scroll","background-type":"","background-media":"","overlay-type":"","overlay-color":"","overlay-opacity":"","overlay-gradient":""},"tablet":{"background-color":"var(--ast-global-color-5)","background-image":"","background-repeat":"repeat","background-position":"center center","background-size":"auto","background-attachment":"scroll","background-type":"","background-media":"","overlay-type":"","overlay-color":"","overlay-opacity":"","overlay-gradient":""},"mobile":{"background-color":"var(--ast-global-color-5)","background-image":"","background-repeat":"repeat","background-position":"center center","background-size":"auto","background-attachment":"scroll","background-type":"","background-media":"","overlay-type":"","overlay-color":"","overlay-opacity":"","overlay-gradient":""}},"footnotes":""},"class_list":["post-493","page","type-page","status-publish","has-post-thumbnail","hentry"],"_links":{"self":[{"href":"https:\/\/eltra.com.br\/site\/wp-json\/wp\/v2\/pages\/493","targetHints":{"allow":["GET"]}}],"collection":[{"href":"https:\/\/eltra.com.br\/site\/wp-json\/wp\/v2\/pages"}],"about":[{"href":"https:\/\/eltra.com.br\/site\/wp-json\/wp\/v2\/types\/page"}],"author":[{"embeddable":true,"href":"https:\/\/eltra.com.br\/site\/wp-json\/wp\/v2\/users\/1"}],"replies":[{"embeddable":true,"href":"https:\/\/eltra.com.br\/site\/wp-json\/wp\/v2\/comments?post=493"}],"version-history":[{"count":12,"href":"https:\/\/eltra.com.br\/site\/wp-json\/wp\/v2\/pages\/493\/revisions"}],"predecessor-version":[{"id":512,"href":"https:\/\/eltra.com.br\/site\/wp-json\/wp\/v2\/pages\/493\/revisions\/512"}],"wp:featuredmedia":[{"embeddable":true,"href":"https:\/\/eltra.com.br\/site\/wp-json\/wp\/v2\/media\/494"}],"wp:attachment":[{"href":"https:\/\/eltra.com.br\/site\/wp-json\/wp\/v2\/media?parent=493"}],"curies":[{"name":"wp","href":"https:\/\/api.w.org\/{rel}","templated":true}]}}